{"id":7,"date":"2021-04-22T19:10:30","date_gmt":"2021-04-22T17:10:30","guid":{"rendered":"http:\/\/companion.sk\/?page_id=7"},"modified":"2024-10-30T12:45:06","modified_gmt":"2024-10-30T11:45:06","slug":"o-nas","status":"publish","type":"page","link":"https:\/\/companion.sk\/en\/o-nas\/","title":{"rendered":"O n\u00e1s"},"content":{"rendered":"<div data-elementor-type=\"wp-page\" data-elementor-id=\"7\" class=\"elementor elementor-7\">\n\t\t\t\t<div class=\"wd-negative-gap elementor-element elementor-element-c89695a wd-section-stretch e-flex e-con-boxed e-con e-parent\" data-id=\"c89695a\" data-element_type=\"container\" data-settings=\"{&quot;background_background&quot;:&quot;gradient&quot;}\">\n\t\t\t\t\t<div class=\"e-con-inner\">\n\t\t<div class=\"elementor-element elementor-element-d729941 e-con-full e-flex e-con e-child\" data-id=\"d729941\" data-element_type=\"container\">\n\t\t\t\t\t<link rel=\"stylesheet\" id=\"wd-animations-css\" href=\"https:\/\/companion.sk\/wp-content\/themes\/woodmart\/css\/parts\/mod-animations-transform.min.css?ver=7.6.0\" type=\"text\/css\" media=\"all\" \/> \t\t\t\t\t<div class=\"elementor-element elementor-element-7cb86ac wd-animation-slide-from-bottom elementor-hidden-mobile wd-width-100 wd-animation-normal elementor-widget elementor-widget-wd_title\" data-id=\"7cb86ac\" data-element_type=\"widget\" data-widget_type=\"wd_title.default\">\n\t\t\t\t<div class=\"elementor-widget-container\">\n\t\t\t\t\t\t\t\t<link rel=\"stylesheet\" id=\"wd-section-title-css\" href=\"https:\/\/companion.sk\/wp-content\/themes\/woodmart\/css\/parts\/el-section-title.min.css?ver=7.6.0\" type=\"text\/css\" media=\"all\" \/> \t\t\t\t\t\t<link rel=\"stylesheet\" id=\"wd-mod-highlighted-text-css\" href=\"https:\/\/companion.sk\/wp-content\/themes\/woodmart\/css\/parts\/mod-highlighted-text.min.css?ver=7.6.0\" type=\"text\/css\" media=\"all\" \/> \t\t\t\t\t<div class=\"title-wrapper set-mb-s reset-last-child wd-title-color-default wd-title-style-default wd-title-size-default text-left\">\n\n\t\t\t\n\t\t\t<div class=\"liner-continer\">\n\t\t\t\t<h1 class=\"woodmart-title-container title wd-fontsize-l wd-underline-colored\">O N\u00c1S<\/h1> \n\t\t\t\t\t\t\t<\/div>\n\n\t\t\t\t\t<\/div>\n\t\t\t\t\t\t<\/div>\n\t\t\t\t<\/div>\n\t\t\t\t<div class=\"elementor-element elementor-element-60e3539 wd-animation-slide-from-bottom elementor-hidden-desktop elementor-hidden-tablet wd-width-100 wd-animation-normal elementor-widget elementor-widget-wd_title\" data-id=\"60e3539\" data-element_type=\"widget\" data-widget_type=\"wd_title.default\">\n\t\t\t\t<div class=\"elementor-widget-container\">\n\t\t\t\t\t\t\t<div class=\"title-wrapper set-mb-s reset-last-child wd-title-color-default wd-title-style-default wd-title-size-default text-center\">\n\n\t\t\t\n\t\t\t<div class=\"liner-continer\">\n\t\t\t\t<h1 class=\"woodmart-title-container title wd-fontsize-l wd-underline-colored\">O N\u00c1S<\/h1> \n\t\t\t\t\t\t\t<\/div>\n\n\t\t\t\t\t<\/div>\n\t\t\t\t\t\t<\/div>\n\t\t\t\t<\/div>\n\t\t\t\t<\/div>\n\t\t<div class=\"elementor-element elementor-element-38e6984 e-con-full e-flex e-con e-child\" data-id=\"38e6984\" data-element_type=\"container\">\n\t\t\t\t<\/div>\n\t\t\t\t\t<\/div>\n\t\t\t\t<\/div>\n\t\t<div class=\"wd-negative-gap elementor-element elementor-element-df062cd e-flex e-con-boxed e-con e-parent\" data-id=\"df062cd\" data-element_type=\"container\">\n\t\t\t\t\t<div class=\"e-con-inner\">\n\t\t<div class=\"elementor-element elementor-element-77e9698 e-con-full e-flex e-con e-child\" data-id=\"77e9698\" data-element_type=\"container\">\n\t\t\t\t<div class=\"elementor-element elementor-element-65100d2 elementor-widget elementor-widget-image\" data-id=\"65100d2\" data-element_type=\"widget\" data-widget_type=\"image.default\">\n\t\t\t\t<div class=\"elementor-widget-container\">\n\t\t\t\t\t\t\t\t\t\t\t\t\t\t\t<img decoding=\"async\" width=\"233\" height=\"85\" src=\"https:\/\/companion.sk\/wp-content\/uploads\/2024\/10\/logo-comp.svg\" class=\"attachment-large size-large wp-image-15607\" alt=\"\" \/>\t\t\t\t\t\t\t\t\t\t\t\t\t\t\t<\/div>\n\t\t\t\t<\/div>\n\t\t\t\t<\/div>\n\t\t<div class=\"elementor-element elementor-element-915aec7 e-con-full e-flex e-con e-child\" data-id=\"915aec7\" data-element_type=\"container\">\n\t\t\t\t<div class=\"elementor-element elementor-element-41cebe1 color-scheme-inherit text-left elementor-widget elementor-widget-text-editor\" data-id=\"41cebe1\" data-element_type=\"widget\" data-widget_type=\"text-editor.default\">\n\t\t\t\t<div class=\"elementor-widget-container\">\n\t\t\t\t\t\t\t\t\t<p>Advok\u00e1tska kancel\u00e1ria\u00a0<strong>Dattorney Legal<\/strong>\u00a0so s\u00eddlom v\u00a0Bratislave p\u00f4sob\u00ed na trhu u\u017e od roku 2009. Odborn\u00fa pomoc v\u00a0oblasti pr\u00e1vneho poradenstva pravidelne poskytuje pr\u00e1vnick\u00fdm i\u00a0fyzick\u00fdm osob\u00e1m.<br \/><br \/>N\u00e1\u0161 t\u00edm sa vyzna\u010duje predov\u0161etk\u00fdm schopnos\u0165ou r\u00fdchleho analyzovania predlo\u017eenej situ\u00e1cie a\u00a0v\u010faka realistick\u00e9mu a\u00a0odborn\u00e9mu odhadu mo\u017enost\u00ed pr\u00e1vneho syst\u00e9mu navrhuje optim\u00e1lne rie\u0161enia problematick\u00fdch oblast\u00ed.<\/p>\t\t\t\t\t\t\t\t<\/div>\n\t\t\t\t<\/div>\n\t\t\t\t<\/div>\n\t\t\t\t\t<\/div>\n\t\t\t\t<\/div>\n\t\t<div class=\"wd-negative-gap elementor-element elementor-element-31e919e e-flex e-con-boxed e-con e-parent\" data-id=\"31e919e\" data-element_type=\"container\">\n\t\t\t\t\t<div class=\"e-con-inner\">\n\t\t<div class=\"elementor-element elementor-element-30998f3 e-con-full e-flex e-con e-child\" data-id=\"30998f3\" data-element_type=\"container\">\n\t\t\t\t<div class=\"elementor-element elementor-element-f971eb4 color-scheme-inherit text-left elementor-widget elementor-widget-text-editor\" data-id=\"f971eb4\" data-element_type=\"widget\" data-widget_type=\"text-editor.default\">\n\t\t\t\t<div class=\"elementor-widget-container\">\n\t\t\t\t\t\t\t\t\t<p>Pr\u00e1vne poradenstvo pre na\u0161ich klientov berieme ve\u013emi v\u00e1\u017ene a\u00a0zaka\u017ed\u00fdm sa im usilujeme poskytn\u00fa\u0165 \u010do mo\u017eno najkvalitnej\u0161ie slu\u017eby. V\u0161etk\u00fdm klientom trpezlivo na\u010d\u00favame a\u00a0spolo\u010dne sa sna\u017e\u00edme nazera\u0165 na jadro ich probl\u00e9mu z\u00a0viacer\u00fdch uhlov poh\u013eadu.<br \/><br \/>Klienti sa na n\u00e1s m\u00f4\u017eu kedyko\u013evek bez ob\u00e1v obr\u00e1ti\u0165. Sme pripraven\u00ed pom\u00f4c\u0165 im aj s\u00a0rie\u0161en\u00edm na prv\u00fd poh\u013ead komplikovan\u00fdch \u017eivotn\u00fdch udalost\u00ed, a\u00a0to v\u00a0oblasti obchodn\u00e9ho, pracovn\u00e9ho i\u00a0zmluvn\u00e9ho pr\u00e1va. Vo svojom odbore sa zameriavame aj na sporov\u00fa agendu a\u00a0pr\u00e1vo nehnute\u013enost\u00ed.<\/p>\t\t\t\t\t\t\t\t<\/div>\n\t\t\t\t<\/div>\n\t\t\t\t<\/div>\n\t\t\t\t\t<\/div>\n\t\t\t\t<\/div>\n\t\t<div class=\"wd-negative-gap elementor-element elementor-element-bbcafc7 wd-section-stretch e-flex e-con-boxed e-con e-parent\" data-id=\"bbcafc7\" data-element_type=\"container\" data-settings=\"{&quot;background_background&quot;:&quot;classic&quot;}\">\n\t\t\t\t\t<div class=\"e-con-inner\">\n\t\t<div class=\"elementor-element elementor-element-702c560 e-con-full e-flex e-con e-child\" data-id=\"702c560\" data-element_type=\"container\">\n\t\t\t\t<div class=\"elementor-element elementor-element-7b9f2a8 wd-animation-slide-from-bottom elementor-hidden-mobile wd-width-100 wd-animation-normal elementor-widget elementor-widget-wd_title\" data-id=\"7b9f2a8\" data-element_type=\"widget\" data-widget_type=\"wd_title.default\">\n\t\t\t\t<div class=\"elementor-widget-container\">\n\t\t\t\t\t\t\t<div class=\"title-wrapper set-mb-s reset-last-child wd-title-color-default wd-title-style-default wd-title-size-default text-left\">\n\n\t\t\t\n\t\t\t<div class=\"liner-continer\">\n\t\t\t\t<h1 class=\"woodmart-title-container title wd-fontsize-l wd-underline-colored\">M\u00e1te z\u00e1ujem o na\u0161e slu\u017eby?<\/h1> \n\t\t\t\t\t\t\t<\/div>\n\n\t\t\t\t\t<\/div>\n\t\t\t\t\t\t<\/div>\n\t\t\t\t<\/div>\n\t\t\t\t<div class=\"elementor-element elementor-element-0392113 wd-animation-slide-from-bottom elementor-hidden-desktop elementor-hidden-tablet wd-width-100 wd-animation-normal elementor-widget elementor-widget-wd_title\" data-id=\"0392113\" data-element_type=\"widget\" data-widget_type=\"wd_title.default\">\n\t\t\t\t<div class=\"elementor-widget-container\">\n\t\t\t\t\t\t\t<div class=\"title-wrapper set-mb-s reset-last-child wd-title-color-default wd-title-style-default wd-title-size-default text-center\">\n\n\t\t\t\n\t\t\t<div class=\"liner-continer\">\n\t\t\t\t<h1 class=\"woodmart-title-container title wd-fontsize-l wd-underline-colored\">M\u00e1te z\u00e1ujem o na\u0161e slu\u017eby?<\/h1> \n\t\t\t\t\t\t\t<\/div>\n\n\t\t\t\t\t<\/div>\n\t\t\t\t\t\t<\/div>\n\t\t\t\t<\/div>\n\t\t\t\t<\/div>\n\t\t<div class=\"elementor-element elementor-element-c48eb58 e-con-full e-flex e-con e-child\" data-id=\"c48eb58\" data-element_type=\"container\">\n\t\t\t\t<div class=\"elementor-element elementor-element-74e2724 elementor-widget__width-auto wd-animation-slide-from-bottom wd-animation-normal elementor-widget elementor-widget-wd_button\" data-id=\"74e2724\" data-element_type=\"widget\" data-widget_type=\"wd_button.default\">\n\t\t\t\t<div class=\"elementor-widget-container\">\n\t\t\t\t\t\t\t<div class=\"wd-button-wrapper text-center\" >\n\t\t\t<a class=\"btn btn-style-bordered btn-style-semi-round btn-size-default btn-scheme-custom btn-scheme-hover-custom btn-icon-pos-right\"  href=\"https:\/\/companion.sk\/en\/kontakt\/\">\n\t\t\t\t<span class=\"wd-btn-text\" data-elementor-setting-key=\"text\">\n\t\t\t\t\tKontaktujte n\u00e1s\t\t\t\t<\/span>\n\n\t\t\t\t\t\t\t<\/a>\n\t\t<\/div>\n\t\t\t\t\t\t<\/div>\n\t\t\t\t<\/div>\n\t\t\t\t<\/div>\n\t\t\t\t\t<\/div>\n\t\t\t\t<\/div>\n\t\t\t\t<\/div>","protected":false},"excerpt":{"rendered":"<p>O N\u00c1S O N\u00c1S Advok\u00e1tska kancel\u00e1ria\u00a0Dattorney Legal\u00a0so s\u00eddlom v\u00a0Bratislave p\u00f4sob\u00ed na trhu u\u017e od roku 2009. Odborn\u00fa pomoc v\u00a0oblasti pr\u00e1vneho<\/p>","protected":false},"author":1,"featured_media":0,"parent":0,"menu_order":0,"comment_status":"closed","ping_status":"closed","template":"","meta":{"rank_math_lock_modified_date":false,"footnotes":""},"class_list":["post-7","page","type-page","status-publish","hentry"],"_links":{"self":[{"href":"https:\/\/companion.sk\/en\/wp-json\/wp\/v2\/pages\/7","targetHints":{"allow":["GET"]}}],"collection":[{"href":"https:\/\/companion.sk\/en\/wp-json\/wp\/v2\/pages"}],"about":[{"href":"https:\/\/companion.sk\/en\/wp-json\/wp\/v2\/types\/page"}],"author":[{"embeddable":true,"href":"https:\/\/companion.sk\/en\/wp-json\/wp\/v2\/users\/1"}],"replies":[{"embeddable":true,"href":"https:\/\/companion.sk\/en\/wp-json\/wp\/v2\/comments?post=7"}],"version-history":[{"count":6,"href":"https:\/\/companion.sk\/en\/wp-json\/wp\/v2\/pages\/7\/revisions"}],"predecessor-version":[{"id":15929,"href":"https:\/\/companion.sk\/en\/wp-json\/wp\/v2\/pages\/7\/revisions\/15929"}],"wp:attachment":[{"href":"https:\/\/companion.sk\/en\/wp-json\/wp\/v2\/media?parent=7"}],"curies":[{"name":"wp","href":"https:\/\/api.w.org\/{rel}","templated":true}]}}