{"id":3833,"date":"2021-09-13T13:20:35","date_gmt":"2021-09-13T13:20:35","guid":{"rendered":"http:\/\/dummy.xtemos.com\/woodmart2\/elementor\/?page_id=3833"},"modified":"2024-11-05T09:01:46","modified_gmt":"2024-11-05T08:01:46","slug":"home-corporate","status":"publish","type":"page","link":"https:\/\/companion.sk\/en\/","title":{"rendered":"\u00davod"},"content":{"rendered":"<div data-elementor-type=\"wp-page\" data-elementor-id=\"3833\" class=\"elementor elementor-3833\">\n\t\t\t\t<div class=\"wd-negative-gap elementor-element elementor-element-4b80268 wd-section-stretch elementor-hidden-mobile e-flex e-con-boxed e-con e-parent\" data-id=\"4b80268\" data-element_type=\"container\" data-settings=\"{&quot;background_background&quot;:&quot;classic&quot;}\">\n\t\t\t\t\t<div class=\"e-con-inner\">\n\t\t<div class=\"elementor-element elementor-element-f187975 e-con-full e-flex e-con e-child\" data-id=\"f187975\" data-element_type=\"container\">\n\t\t\t\t\t<link rel=\"stylesheet\" id=\"wd-animations-css\" href=\"https:\/\/companion.sk\/wp-content\/themes\/woodmart\/css\/parts\/mod-animations-transform.min.css?ver=7.6.0\" type=\"text\/css\" media=\"all\" \/> \t\t\t\t\t<div class=\"elementor-element elementor-element-9254d68 wd-animation-slide-from-bottom wd-width-100 wd-animation-normal elementor-widget elementor-widget-wd_title\" data-id=\"9254d68\" data-element_type=\"widget\" data-widget_type=\"wd_title.default\">\n\t\t\t\t<div class=\"elementor-widget-container\">\n\t\t\t\t\t\t\t\t<link rel=\"stylesheet\" id=\"wd-section-title-css\" href=\"https:\/\/companion.sk\/wp-content\/themes\/woodmart\/css\/parts\/el-section-title.min.css?ver=7.6.0\" type=\"text\/css\" media=\"all\" \/> \t\t\t\t\t\t<link rel=\"stylesheet\" id=\"wd-mod-highlighted-text-css\" href=\"https:\/\/companion.sk\/wp-content\/themes\/woodmart\/css\/parts\/mod-highlighted-text.min.css?ver=7.6.0\" type=\"text\/css\" media=\"all\" \/> \t\t\t\t\t<div class=\"title-wrapper set-mb-s reset-last-child wd-title-color-default wd-title-style-default wd-title-size-default text-left\">\n\n\t\t\t\n\t\t\t<div class=\"liner-continer\">\n\t\t\t\t<h1 class=\"woodmart-title-container title wd-fontsize-l wd-underline-colored\">JEDEN TEAM. <br \/>\nSPOLO\u010cN\u00dd CIE\u013d.<\/h1> \n\t\t\t\t\t\t\t<\/div>\n\n\t\t\t\t\t\t\t<div class=\"title-after_title set-cont-mb-s reset-last-child wd-fontsize-xs\">\n\t\t\t\t\t<p>N\u00e1\u0161 t\u00edm sa vyzna\u010duje predov\u0161etk\u00fdm schopnos\u0165ou r\u00fdchleho analyzovania <br \/>predlo\u017eenej situ\u00e1cie a v\u010faka realistick\u00e9mu a odborn\u00e9mu odhadu mo\u017enost\u00ed <br \/>pr\u00e1vneho syst\u00e9mu navrhuje optim\u00e1lne rie\u0161enia problematick\u00fdch oblast\u00ed.<\/p>\t\t\t\t<\/div>\n\t\t\t\t\t<\/div>\n\t\t\t\t\t\t<\/div>\n\t\t\t\t<\/div>\n\t\t<div class=\"elementor-element elementor-element-b067aac e-con-full e-flex e-con e-child\" data-id=\"b067aac\" data-element_type=\"container\">\n\t\t\t\t<div class=\"elementor-element elementor-element-ca5c48e elementor-widget__width-auto wd-animation-slide-from-bottom wd-animation-normal elementor-widget elementor-widget-wd_button\" data-id=\"ca5c48e\" data-element_type=\"widget\" data-widget_type=\"wd_button.default\">\n\t\t\t\t<div class=\"elementor-widget-container\">\n\t\t\t\t\t\t\t<div class=\"wd-button-wrapper text-left\" >\n\t\t\t<a class=\"btn btn-style-default btn-style-semi-round btn-size-large btn-scheme-custom btn-scheme-hover-inherit btn-icon-pos-right\"  href=\"https:\/\/companion.sk\/en\/#sluzby\">\n\t\t\t\t<span class=\"wd-btn-text\" data-elementor-setting-key=\"text\">\n\t\t\t\t\tNa\u0161e slu\u017eby\t\t\t\t<\/span>\n\n\t\t\t\t\t\t\t<\/a>\n\t\t<\/div>\n\t\t\t\t\t\t<\/div>\n\t\t\t\t<\/div>\n\t\t\t\t<div class=\"elementor-element elementor-element-f47966f elementor-widget__width-auto wd-animation-slide-from-bottom wd-animation-normal elementor-widget elementor-widget-wd_button\" data-id=\"f47966f\" data-element_type=\"widget\" data-widget_type=\"wd_button.default\">\n\t\t\t\t<div class=\"elementor-widget-container\">\n\t\t\t\t\t\t\t<div class=\"wd-button-wrapper text-left\" >\n\t\t\t<a class=\"btn btn-style-bordered btn-style-semi-round btn-size-large btn-scheme-custom btn-scheme-hover-custom btn-icon-pos-right\"  href=\"https:\/\/companion.sk\/en\/kontakt\/\">\n\t\t\t\t<span class=\"wd-btn-text\" data-elementor-setting-key=\"text\">\n\t\t\t\t\tKontaktujte n\u00e1s\t\t\t\t<\/span>\n\n\t\t\t\t\t\t\t<\/a>\n\t\t<\/div>\n\t\t\t\t\t\t<\/div>\n\t\t\t\t<\/div>\n\t\t\t\t<\/div>\n\t\t\t\t<\/div>\n\t\t<div class=\"elementor-element elementor-element-ccf27ae e-con-full e-flex e-con e-child\" data-id=\"ccf27ae\" data-element_type=\"container\">\n\t\t\t\t<\/div>\n\t\t\t\t\t<\/div>\n\t\t\t\t<\/div>\n\t\t<div class=\"wd-negative-gap elementor-element elementor-element-01c7e9a wd-section-stretch elementor-hidden-desktop elementor-hidden-tablet e-flex e-con-boxed e-con e-parent\" data-id=\"01c7e9a\" data-element_type=\"container\" data-settings=\"{&quot;background_background&quot;:&quot;classic&quot;}\">\n\t\t\t\t\t<div class=\"e-con-inner\">\n\t\t<div class=\"elementor-element elementor-element-99a4a6d e-con-full e-flex e-con e-child\" data-id=\"99a4a6d\" data-element_type=\"container\">\n\t\t\t\t<div class=\"elementor-element elementor-element-9840080 wd-animation-slide-from-bottom wd-width-100 wd-animation-normal elementor-widget elementor-widget-wd_title\" data-id=\"9840080\" data-element_type=\"widget\" data-widget_type=\"wd_title.default\">\n\t\t\t\t<div class=\"elementor-widget-container\">\n\t\t\t\t\t\t\t<div class=\"title-wrapper set-mb-s reset-last-child wd-title-color-default wd-title-style-default wd-title-size-default text-center\">\n\n\t\t\t\n\t\t\t<div class=\"liner-continer\">\n\t\t\t\t<h1 class=\"woodmart-title-container title wd-fontsize-l wd-underline-colored\">JEDEN TEAM. <br \/>\nSPOLO\u010cN\u00dd CIE\u013d.<\/h1> \n\t\t\t\t\t\t\t<\/div>\n\n\t\t\t\t\t\t\t<div class=\"title-after_title set-cont-mb-s reset-last-child wd-fontsize-xs\">\n\t\t\t\t\t<p>N\u00e1\u0161 t\u00edm sa vyzna\u010duje predov\u0161etk\u00fdm schopnos\u0165ou r\u00fdchleho analyzovania <br \/>predlo\u017eenej situ\u00e1cie a v\u010faka realistick\u00e9mu a odborn\u00e9mu odhadu mo\u017enost\u00ed <br \/>pr\u00e1vneho syst\u00e9mu navrhuje optim\u00e1lne rie\u0161enia problematick\u00fdch oblast\u00ed.<\/p>\t\t\t\t<\/div>\n\t\t\t\t\t<\/div>\n\t\t\t\t\t\t<\/div>\n\t\t\t\t<\/div>\n\t\t<div class=\"elementor-element elementor-element-d7dad1a e-con-full e-flex e-con e-child\" data-id=\"d7dad1a\" data-element_type=\"container\">\n\t\t\t\t<div class=\"elementor-element elementor-element-8a65858 elementor-widget__width-auto wd-animation-slide-from-bottom wd-animation-normal elementor-widget elementor-widget-wd_button\" data-id=\"8a65858\" data-element_type=\"widget\" data-widget_type=\"wd_button.default\">\n\t\t\t\t<div class=\"elementor-widget-container\">\n\t\t\t\t\t\t\t<div class=\"wd-button-wrapper text-center\" >\n\t\t\t<a class=\"btn btn-style-default btn-style-semi-round btn-size-large btn-scheme-custom btn-scheme-hover-inherit btn-icon-pos-right\"  href=\"#\">\n\t\t\t\t<span class=\"wd-btn-text\" data-elementor-setting-key=\"text\">\n\t\t\t\t\tNa\u0161e slu\u017eby\t\t\t\t<\/span>\n\n\t\t\t\t\t\t\t<\/a>\n\t\t<\/div>\n\t\t\t\t\t\t<\/div>\n\t\t\t\t<\/div>\n\t\t\t\t<div class=\"elementor-element elementor-element-0082f8b elementor-widget__width-auto wd-animation-slide-from-bottom wd-animation-normal elementor-widget elementor-widget-wd_button\" data-id=\"0082f8b\" data-element_type=\"widget\" data-widget_type=\"wd_button.default\">\n\t\t\t\t<div class=\"elementor-widget-container\">\n\t\t\t\t\t\t\t<div class=\"wd-button-wrapper text-center\" >\n\t\t\t<a class=\"btn btn-style-bordered btn-style-semi-round btn-size-large btn-scheme-custom btn-scheme-hover-custom btn-icon-pos-right\"  href=\"#\">\n\t\t\t\t<span class=\"wd-btn-text\" data-elementor-setting-key=\"text\">\n\t\t\t\t\tKontaktujte n\u00e1s\t\t\t\t<\/span>\n\n\t\t\t\t\t\t\t<\/a>\n\t\t<\/div>\n\t\t\t\t\t\t<\/div>\n\t\t\t\t<\/div>\n\t\t\t\t<\/div>\n\t\t\t\t<\/div>\n\t\t<div class=\"elementor-element elementor-element-b8b9ce6 e-con-full e-flex e-con e-child\" data-id=\"b8b9ce6\" data-element_type=\"container\">\n\t\t\t\t<\/div>\n\t\t\t\t\t<\/div>\n\t\t\t\t<\/div>\n\t\t<div class=\"wd-negative-gap elementor-element elementor-element-0d89ada e-flex e-con-boxed e-con e-parent\" data-id=\"0d89ada\" data-element_type=\"container\" id=\"sluzby\" data-settings=\"{&quot;background_background&quot;:&quot;classic&quot;}\">\n\t\t\t\t\t<div class=\"e-con-inner\">\n\t\t\t\t<div class=\"elementor-element elementor-element-4e19d90 wd-animation-slide-from-bottom elementor-hidden-mobile wd-width-100 wd-animation-normal elementor-widget elementor-widget-wd_title\" data-id=\"4e19d90\" data-element_type=\"widget\" data-widget_type=\"wd_title.default\">\n\t\t\t\t<div class=\"elementor-widget-container\">\n\t\t\t\t\t\t\t<div class=\"title-wrapper set-mb-s reset-last-child wd-title-color-default wd-title-style-default wd-title-size-default text-center\">\n\n\t\t\t\t\t\t\t<div class=\"title-subtitle subtitle-color-default subtitle-style-default wd-fontsize-xs\">\n\t\t\t\t\tNA\u0160E SLU\u017dBY\t\t\t\t<\/div>\n\t\t\t\n\t\t\t<div class=\"liner-continer\">\n\t\t\t\t<h2 class=\"woodmart-title-container title wd-fontsize-l wd-underline-colored\">V <u>COMPANION<\/u> PON\u00daKAME SK\u00daSENOSTI A <br \/>\nKNOW-HOW V NASLEDOVN\u00ddCH OBLASTIACH<\/h2> \n\t\t\t\t\t\t\t<\/div>\n\n\t\t\t\t\t<\/div>\n\t\t\t\t\t\t<\/div>\n\t\t\t\t<\/div>\n\t\t\t\t<div class=\"elementor-element elementor-element-fa6e6ea wd-animation-slide-from-bottom elementor-hidden-desktop elementor-hidden-tablet wd-width-100 wd-animation-normal elementor-widget elementor-widget-wd_title\" data-id=\"fa6e6ea\" data-element_type=\"widget\" data-widget_type=\"wd_title.default\">\n\t\t\t\t<div class=\"elementor-widget-container\">\n\t\t\t\t\t\t\t<div class=\"title-wrapper set-mb-s reset-last-child wd-title-color-default wd-title-style-default wd-title-size-default text-center\">\n\n\t\t\t\t\t\t\t<div class=\"title-subtitle subtitle-color-default subtitle-style-default wd-fontsize-xs\">\n\t\t\t\t\tNA\u0160E SLU\u017dBY\t\t\t\t<\/div>\n\t\t\t\n\t\t\t<div class=\"liner-continer\">\n\t\t\t\t<h2 class=\"woodmart-title-container title wd-fontsize-l wd-underline-colored\">V <u>COMPANION<\/u> PON\u00daKAME SK\u00daSENOSTI A KNOW-HOW V NASLEDOVN\u00ddCH OBLASTIACH<\/h2> \n\t\t\t\t\t\t\t<\/div>\n\n\t\t\t\t\t<\/div>\n\t\t\t\t\t\t<\/div>\n\t\t\t\t<\/div>\n\t\t<div class=\"elementor-element elementor-element-9285963 e-con-full e-flex e-con e-child\" data-id=\"9285963\" data-element_type=\"container\">\n\t\t\t\t<div class=\"elementor-element elementor-element-42df8cd wd-animation-left-flip-y elementor-widget__width-initial wd-animation-normal elementor-widget elementor-widget-wd_infobox\" data-id=\"42df8cd\" data-element_type=\"widget\" data-widget_type=\"wd_infobox.default\">\n\t\t\t\t<div class=\"elementor-widget-container\">\n\t\t\t\t\t\t\t\t<link rel=\"stylesheet\" id=\"wd-info-box-css\" href=\"https:\/\/companion.sk\/wp-content\/themes\/woodmart\/css\/parts\/el-info-box.min.css?ver=7.6.0\" type=\"text\/css\" media=\"all\" \/> \t\t\t\t\t<div class=\"info-box-wrapper\">\n\t\t\t<div class=\"wd-info-box text-center box-icon-align-top box-style-base color-scheme- with-btn box-btn-static\">\n\t\t\t\t\t\t\t\t\t<div class=\"box-icon-wrapper  box-with-icon box-icon-with-border\">\n\t\t\t\t\t\t<div class=\"info-box-icon\">\n\t\t\t\t\t\t\t\t\t\t\t\t\t\t\t<div class=\"info-svg-wrapper\" style=\"width:110px; height:110px;\"><img decoding=\"async\"  src=\"https:\/\/companion.sk\/wp-content\/uploads\/2024\/10\/Group-96.svg\" title=\"Group 96\" width=\"110\" height=\"110\"><\/div>\t\t\t\t\t\t\t\t\t\t\t\t\t<\/div>\n\t\t\t\t\t<\/div>\n\t\t\t\t\n\t\t\t\t<div class=\"info-box-content\">\n\t\t\t\t\t\n\t\t\t\t\t\t\t\t\t\t\t<h2\t\t\t\t\t\tclass=\"info-box-title title box-title-style-default wd-fontsize-m\" data-elementor-setting-key=\"title\">\n\t\t\t\t\t\t\t\tPR\u00c1VNE SLU\u017dBY\t\t\t\t\t\t<\/h2>\n\t\t\t\t\t\n\t\t\t\t\t<div class=\"info-box-inner set-cont-mb-s reset-last-child\"data-elementor-setting-key=\"content\"><p>Poskytujeme pr\u00e1vne slu\u017eby v oblasti obchodn\u00e9ho pr\u00e1va, nehnute\u013enost\u00ed, s\u00fadnych konan\u00ed, zmluvnej agendy a pracovn\u00e9ho pr\u00e1va.<\/p>\n<\/div>\n\n\t\t\t\t\t\t\t\t\t\t\t<div class=\"info-btn-wrapper\">\n\t\t\t\t\t\t\t\t\t<div class=\"wd-button-wrapper text-center\" >\n\t\t\t<a class=\"btn btn-style-default btn-style-semi-round btn-size-large btn-color-primary btn-icon-pos-right\"  href=\"https:\/\/companion.sk\/en\/pravne-sluzby\/\">\n\t\t\t\t<span class=\"wd-btn-text\" data-elementor-setting-key=\"text\">\n\t\t\t\t\tViac\t\t\t\t<\/span>\n\n\t\t\t\t\t\t\t<\/a>\n\t\t<\/div>\n\t\t\t\t\t\t\t\t<\/div>\n\t\t\t\t\t\t\t\t\t<\/div>\n\n\t\t\t\t\t\t\t<\/div>\n\t\t<\/div>\n\t\t\t\t\t\t<\/div>\n\t\t\t\t<\/div>\n\t\t\t\t<div class=\"elementor-element elementor-element-dd43720 wd-animation-left-flip-y elementor-widget__width-initial wd-animation-normal elementor-widget elementor-widget-wd_infobox\" data-id=\"dd43720\" data-element_type=\"widget\" data-widget_type=\"wd_infobox.default\">\n\t\t\t\t<div class=\"elementor-widget-container\">\n\t\t\t\t\t\t\t<div class=\"info-box-wrapper\">\n\t\t\t<div class=\"wd-info-box text-center box-icon-align-top box-style-base color-scheme- with-btn box-btn-static\">\n\t\t\t\t\t\t\t\t\t<div class=\"box-icon-wrapper  box-with-icon box-icon-with-border\">\n\t\t\t\t\t\t<div class=\"info-box-icon\">\n\t\t\t\t\t\t\t\t\t\t\t\t\t\t\t<div class=\"info-svg-wrapper\" style=\"width:110px; height:110px;\"><img decoding=\"async\"  src=\"https:\/\/companion.sk\/wp-content\/uploads\/2024\/10\/Group-96-1.svg\" title=\"Group 96\" width=\"110\" height=\"110\"><\/div>\t\t\t\t\t\t\t\t\t\t\t\t\t<\/div>\n\t\t\t\t\t<\/div>\n\t\t\t\t\n\t\t\t\t<div class=\"info-box-content\">\n\t\t\t\t\t\n\t\t\t\t\t\t\t\t\t\t\t<h2\t\t\t\t\t\tclass=\"info-box-title title box-title-style-default wd-fontsize-m\" data-elementor-setting-key=\"title\">\n\t\t\t\t\t\t\t\tSPOLO\u010cNOSTI\t\t\t\t\t\t<\/h2>\n\t\t\t\t\t\n\t\t\t\t\t<div class=\"info-box-inner set-cont-mb-s reset-last-child\"data-elementor-setting-key=\"content\"><p>Zabezpe\u010dujeme predaj ready-made spolo\u010dnost\u00ed, pr\u00edpadne zalo\u017eenie spolo\u010dnosti na mieru a zmeny vo va\u0161ej u\u017e vzniknutej spolo\u010dnosti. Porad\u00edme aj \u017eivnostn\u00edkom. <\/p>\n<\/div>\n\n\t\t\t\t\t\t\t\t\t\t\t<div class=\"info-btn-wrapper\">\n\t\t\t\t\t\t\t\t\t<div class=\"wd-button-wrapper text-center\" >\n\t\t\t<a class=\"btn btn-style-default btn-style-semi-round btn-size-large btn-color-primary btn-icon-pos-right\"  href=\"https:\/\/companion.sk\/en\/ready-made-spolocnosti\/\">\n\t\t\t\t<span class=\"wd-btn-text\" data-elementor-setting-key=\"text\">\n\t\t\t\t\tViac\t\t\t\t<\/span>\n\n\t\t\t\t\t\t\t<\/a>\n\t\t<\/div>\n\t\t\t\t\t\t\t\t<\/div>\n\t\t\t\t\t\t\t\t\t<\/div>\n\n\t\t\t\t\t\t\t<\/div>\n\t\t<\/div>\n\t\t\t\t\t\t<\/div>\n\t\t\t\t<\/div>\n\t\t\t\t<div class=\"elementor-element elementor-element-37f168a wd-animation-left-flip-y elementor-widget__width-initial wd-animation-normal elementor-widget elementor-widget-wd_infobox\" data-id=\"37f168a\" data-element_type=\"widget\" data-widget_type=\"wd_infobox.default\">\n\t\t\t\t<div class=\"elementor-widget-container\">\n\t\t\t\t\t\t\t<div class=\"info-box-wrapper\">\n\t\t\t<div class=\"wd-info-box text-center box-icon-align-top box-style-base color-scheme- with-btn box-btn-static\">\n\t\t\t\t\t\t\t\t\t<div class=\"box-icon-wrapper  box-with-icon box-icon-with-border\">\n\t\t\t\t\t\t<div class=\"info-box-icon\">\n\t\t\t\t\t\t\t\t\t\t\t\t\t\t\t<div class=\"info-svg-wrapper\" style=\"width:110px; height:110px;\"><img decoding=\"async\"  src=\"https:\/\/companion.sk\/wp-content\/uploads\/2024\/10\/Group-95-1.svg\" title=\"Group 95\" width=\"110\" height=\"110\"><\/div>\t\t\t\t\t\t\t\t\t\t\t\t\t<\/div>\n\t\t\t\t\t<\/div>\n\t\t\t\t\n\t\t\t\t<div class=\"info-box-content\">\n\t\t\t\t\t\n\t\t\t\t\t\t\t\t\t\t\t<h2\t\t\t\t\t\tclass=\"info-box-title title box-title-style-default wd-fontsize-m\" data-elementor-setting-key=\"title\">\n\t\t\t\t\t\t\t\tCUDZINECK\u00c1 POL\u00cdCIA\t\t\t\t\t\t<\/h2>\n\t\t\t\t\t\n\t\t\t\t\t<div class=\"info-box-inner set-cont-mb-s reset-last-child\"data-elementor-setting-key=\"content\"><p>Pom\u00e1hame s povoleniami na pobyt, pr\u00edpadne s vyrie\u0161en\u00edm ostatn\u00fdch \u017eivotn\u00fdch situ\u00e1ci\u00ed, v ktor\u00fdch sa ako cudzinec\u00a0v\u00a0SR\u00a0ocitnete<\/p>\n<\/div>\n\n\t\t\t\t\t\t\t\t\t\t\t<div class=\"info-btn-wrapper\">\n\t\t\t\t\t\t\t\t\t<div class=\"wd-button-wrapper text-center\" >\n\t\t\t<a class=\"btn btn-style-default btn-style-semi-round btn-size-large btn-color-primary btn-icon-pos-right\"  href=\"https:\/\/companion.sk\/en\/cidzinecka-policia\/\">\n\t\t\t\t<span class=\"wd-btn-text\" data-elementor-setting-key=\"text\">\n\t\t\t\t\tViac\t\t\t\t<\/span>\n\n\t\t\t\t\t\t\t<\/a>\n\t\t<\/div>\n\t\t\t\t\t\t\t\t<\/div>\n\t\t\t\t\t\t\t\t\t<\/div>\n\n\t\t\t\t\t\t\t<\/div>\n\t\t<\/div>\n\t\t\t\t\t\t<\/div>\n\t\t\t\t<\/div>\n\t\t\t\t<\/div>\n\t\t\t\t\t<\/div>\n\t\t\t\t<\/div>\n\t\t<div class=\"wd-negative-gap elementor-element elementor-element-00d7407 wd-section-stretch e-flex e-con-boxed e-con e-parent\" data-id=\"00d7407\" data-element_type=\"container\" data-settings=\"{&quot;background_background&quot;:&quot;gradient&quot;}\">\n\t\t\t\t\t<div class=\"e-con-inner\">\n\t\t<div class=\"elementor-element elementor-element-1e76189 e-con-full e-flex e-con e-child\" data-id=\"1e76189\" data-element_type=\"container\">\n\t\t\t\t<div class=\"elementor-element elementor-element-ff4005c elementor-invisible elementor-widget elementor-widget-image\" data-id=\"ff4005c\" data-element_type=\"widget\" data-settings=\"{&quot;_animation&quot;:&quot;wd-anim-left-flip-y&quot;,&quot;_animation_mobile&quot;:&quot;wd-anim-left-flip-y&quot;}\" data-widget_type=\"image.default\">\n\t\t\t\t<div class=\"elementor-widget-container\">\n\t\t\t\t\t\t\t\t\t\t\t\t\t\t\t<img loading=\"lazy\" decoding=\"async\" width=\"456\" height=\"377\" src=\"https:\/\/companion.sk\/wp-content\/uploads\/2024\/10\/Group-97.svg\" class=\"attachment-large size-large wp-image-15635\" alt=\"\" \/>\t\t\t\t\t\t\t\t\t\t\t\t\t\t\t<\/div>\n\t\t\t\t<\/div>\n\t\t\t\t<\/div>\n\t\t<div class=\"elementor-element elementor-element-1fd1e80 e-con-full e-flex e-con e-child\" data-id=\"1fd1e80\" data-element_type=\"container\">\n\t\t\t\t\t<link rel=\"stylesheet\" id=\"wd-mod-animations-keyframes-css\" href=\"https:\/\/companion.sk\/wp-content\/themes\/woodmart\/css\/parts\/mod-animations-keyframes.min.css?ver=7.6.0\" type=\"text\/css\" media=\"all\" \/> \t\t\t\t\t<div class=\"elementor-element elementor-element-33d620a animated-fast wd-width-100 elementor-invisible elementor-widget elementor-widget-wd_title\" data-id=\"33d620a\" data-element_type=\"widget\" data-settings=\"{&quot;_animation&quot;:&quot;wd-anim-slide-from-bottom&quot;}\" data-widget_type=\"wd_title.default\">\n\t\t\t\t<div class=\"elementor-widget-container\">\n\t\t\t\t\t\t\t<div class=\"title-wrapper set-mb-s reset-last-child wd-title-color-default wd-title-style-default wd-title-size-default text-center\">\n\n\t\t\t\n\t\t\t<div class=\"liner-continer\">\n\t\t\t\t<h4 class=\"woodmart-title-container title wd-fontsize-l wd-underline-colored\">M\u00c1TE Z\u00c1UJEM O K\u00daPU<br \/>\nREADY MADE SPOLO\u010cNOSTI?<\/h4> \n\t\t\t\t\t\t\t<\/div>\n\n\t\t\t\t\t\t\t<div class=\"title-after_title set-cont-mb-s reset-last-child wd-fontsize-xs\">\n\t\t\t\t\t<p>N\u00e1\u0161 t\u00edm sa vyzna\u010duje predov\u0161etk\u00fdm schopnos\u0165ou r\u00fdchleho analyzovania <br \/>predlo\u017eenej situ\u00e1cie a v\u010faka realistick\u00e9mu a odborn\u00e9mu odhadu mo\u017enost\u00ed <br \/>pr\u00e1vneho syst\u00e9mu navrhuje optim\u00e1lne rie\u0161enia problematick\u00fdch oblast\u00ed.<\/p>\t\t\t\t<\/div>\n\t\t\t\t\t<\/div>\n\t\t\t\t\t\t<\/div>\n\t\t\t\t<\/div>\n\t\t\t\t<div class=\"elementor-element elementor-element-5eae5c3 elementor-widget__width-auto wd-animation-slide-from-bottom wd-animation-normal elementor-widget elementor-widget-wd_button\" data-id=\"5eae5c3\" data-element_type=\"widget\" data-widget_type=\"wd_button.default\">\n\t\t\t\t<div class=\"elementor-widget-container\">\n\t\t\t\t\t\t\t<div class=\"wd-button-wrapper text-center\" >\n\t\t\t<a class=\"btn btn-style-default btn-style-semi-round btn-size-large btn-color-custom btn-icon-pos-right\"  href=\"https:\/\/companion.sk\/en\/ready-made-spolocnosti\/\">\n\t\t\t\t<span class=\"wd-btn-text\" data-elementor-setting-key=\"text\">\n\t\t\t\t\tVIAC\t\t\t\t<\/span>\n\n\t\t\t\t\t\t\t<\/a>\n\t\t<\/div>\n\t\t\t\t\t\t<\/div>\n\t\t\t\t<\/div>\n\t\t\t\t<\/div>\n\t\t\t\t\t<\/div>\n\t\t\t\t<\/div>\n\t\t<div class=\"wd-negative-gap elementor-element elementor-element-69014d2 e-flex e-con-boxed e-con e-parent\" data-id=\"69014d2\" data-element_type=\"container\">\n\t\t\t\t\t<div class=\"e-con-inner\">\n\t\t<div class=\"elementor-element elementor-element-a62c7a7 e-con-full e-flex e-con e-child\" data-id=\"a62c7a7\" data-element_type=\"container\">\n\t\t\t\t<div class=\"elementor-element elementor-element-7842ec7 wd-animation-slide-from-bottom wd-width-100 wd-animation-normal elementor-widget elementor-widget-wd_title\" data-id=\"7842ec7\" data-element_type=\"widget\" data-widget_type=\"wd_title.default\">\n\t\t\t\t<div class=\"elementor-widget-container\">\n\t\t\t\t\t\t\t<div class=\"title-wrapper set-mb-s reset-last-child wd-title-color-default wd-title-style-default wd-title-size-default text-center\">\n\n\t\t\t\n\t\t\t<div class=\"liner-continer\">\n\t\t\t\t<h2 class=\"woodmart-title-container title wd-fontsize-l wd-underline-colored\">SPOKOJNOS\u0164 <u> NADOV\u0160ETKO<\/u><\/h2> \n\t\t\t\t\t\t\t<\/div>\n\n\t\t\t\t\t\t\t<div class=\"title-after_title set-cont-mb-s reset-last-child wd-fontsize-xs\">\n\t\t\t\t\t<p>Na\u0161ou prioritou je poskytova\u0165 pr\u00e1vne slu\u017eby, ktor\u00e9 s\u00fa nielen odborn\u00e9, ale aj prisp\u00f4soben\u00e9 individu\u00e1lnym potreb\u00e1m na\u0161ich klientov. Viac ako 100 spokojn\u00fdch z\u00e1kazn\u00edkov je d\u00f4kazom, \u017ee sa n\u00e1m dar\u00ed budova\u0165 dlhodob\u00e9 a d\u00f4veryhodn\u00e9 vz\u0165ahy. Ver\u00edme, \u017ee spokojnos\u0165 klienta je k\u013e\u00fa\u010dom k \u00faspechu a v\u017edy sa sna\u017e\u00edme prekro\u010di\u0165 o\u010dak\u00e1vania.<\/p>\t\t\t\t<\/div>\n\t\t\t\t\t<\/div>\n\t\t\t\t\t\t<\/div>\n\t\t\t\t<\/div>\n\t\t\t\t<\/div>\n\t\t<div class=\"elementor-element elementor-element-8d85d48 e-con-full e-flex e-con e-child\" data-id=\"8d85d48\" data-element_type=\"container\">\n\t\t\t\t<div class=\"elementor-element elementor-element-b19fe98 elementor-widget elementor-widget-counter\" data-id=\"b19fe98\" data-element_type=\"widget\" data-widget_type=\"counter.default\">\n\t\t\t\t<div class=\"elementor-widget-container\">\n\t\t\t\t\t\t\t<div class=\"elementor-counter\">\n\t\t\t<div class=\"elementor-counter-title\">SPOKOJN\u00ddCH<br> Z\u00c1KAZN\u00cdKOV<\/div>\t\t\t<div class=\"elementor-counter-number-wrapper\">\n\t\t\t\t<span class=\"elementor-counter-number-prefix\"><\/span>\n\t\t\t\t<span class=\"elementor-counter-number\" data-duration=\"2000\" data-to-value=\"100\" data-from-value=\"0\" data-delimiter=\",\">0<\/span>\n\t\t\t\t<span class=\"elementor-counter-number-suffix\">+<\/span>\n\t\t\t<\/div>\n\t\t<\/div>\n\t\t\t\t\t\t<\/div>\n\t\t\t\t<\/div>\n\t\t\t\t<\/div>\n\t\t\t\t\t<\/div>\n\t\t\t\t<\/div>\n\t\t\t\t<\/div>","protected":false},"excerpt":{"rendered":"<p>JEDEN TEAM. SPOLO\u010cN\u00dd CIE\u013d. N\u00e1\u0161 t\u00edm sa vyzna\u010duje predov\u0161etk\u00fdm schopnos\u0165ou r\u00fdchleho analyzovania predlo\u017eenej situ\u00e1cie a v\u010faka realistick\u00e9mu a odborn\u00e9mu odhadu<\/p>","protected":false},"author":1,"featured_media":0,"parent":0,"menu_order":0,"comment_status":"closed","ping_status":"closed","template":"","meta":{"rank_math_lock_modified_date":false,"footnotes":""},"class_list":["post-3833","page","type-page","status-publish","hentry"],"_links":{"self":[{"href":"https:\/\/companion.sk\/en\/wp-json\/wp\/v2\/pages\/3833","targetHints":{"allow":["GET"]}}],"collection":[{"href":"https:\/\/companion.sk\/en\/wp-json\/wp\/v2\/pages"}],"about":[{"href":"https:\/\/companion.sk\/en\/wp-json\/wp\/v2\/types\/page"}],"author":[{"embeddable":true,"href":"https:\/\/companion.sk\/en\/wp-json\/wp\/v2\/users\/1"}],"replies":[{"embeddable":true,"href":"https:\/\/companion.sk\/en\/wp-json\/wp\/v2\/comments?post=3833"}],"version-history":[{"count":6,"href":"https:\/\/companion.sk\/en\/wp-json\/wp\/v2\/pages\/3833\/revisions"}],"predecessor-version":[{"id":16002,"href":"https:\/\/companion.sk\/en\/wp-json\/wp\/v2\/pages\/3833\/revisions\/16002"}],"wp:attachment":[{"href":"https:\/\/companion.sk\/en\/wp-json\/wp\/v2\/media?parent=3833"}],"curies":[{"name":"wp","href":"https:\/\/api.w.org\/{rel}","templated":true}]}}