{"id":1477,"date":"2021-05-07T11:59:59","date_gmt":"2021-05-07T09:59:59","guid":{"rendered":"http:\/\/companion.sk\/?page_id=1477"},"modified":"2024-11-05T08:34:46","modified_gmt":"2024-11-05T07:34:46","slug":"cidzinecka-policia","status":"publish","type":"page","link":"https:\/\/companion.sk\/en\/cidzinecka-policia\/","title":{"rendered":"Cudzineck\u00e1 pol\u00edcia"},"content":{"rendered":"<div data-elementor-type=\"wp-page\" data-elementor-id=\"1477\" class=\"elementor elementor-1477\">\n\t\t\t\t<div class=\"wd-negative-gap elementor-element elementor-element-cbd6048 wd-section-stretch e-flex e-con-boxed e-con e-parent\" data-id=\"cbd6048\" data-element_type=\"container\" data-settings=\"{&quot;background_background&quot;:&quot;gradient&quot;}\">\n\t\t\t\t\t<div class=\"e-con-inner\">\n\t\t<div class=\"elementor-element elementor-element-2b994b1 e-con-full e-flex e-con e-child\" data-id=\"2b994b1\" data-element_type=\"container\">\n\t\t\t\t\t<link rel=\"stylesheet\" id=\"wd-animations-css\" href=\"https:\/\/companion.sk\/wp-content\/themes\/woodmart\/css\/parts\/mod-animations-transform.min.css?ver=7.6.0\" type=\"text\/css\" media=\"all\" \/> \t\t\t\t\t<div class=\"elementor-element elementor-element-3aba1bb wd-animation-slide-from-bottom elementor-hidden-mobile wd-width-100 wd-animation-normal elementor-widget elementor-widget-wd_title\" data-id=\"3aba1bb\" data-element_type=\"widget\" data-widget_type=\"wd_title.default\">\n\t\t\t\t<div class=\"elementor-widget-container\">\n\t\t\t\t\t\t\t\t<link rel=\"stylesheet\" id=\"wd-section-title-css\" href=\"https:\/\/companion.sk\/wp-content\/themes\/woodmart\/css\/parts\/el-section-title.min.css?ver=7.6.0\" type=\"text\/css\" media=\"all\" \/> \t\t\t\t\t\t<link rel=\"stylesheet\" id=\"wd-mod-highlighted-text-css\" href=\"https:\/\/companion.sk\/wp-content\/themes\/woodmart\/css\/parts\/mod-highlighted-text.min.css?ver=7.6.0\" type=\"text\/css\" media=\"all\" \/> \t\t\t\t\t<div class=\"title-wrapper set-mb-s reset-last-child wd-title-color-default wd-title-style-default wd-title-size-default text-left\">\n\n\t\t\t\n\t\t\t<div class=\"liner-continer\">\n\t\t\t\t<h1 class=\"woodmart-title-container title wd-fontsize-l wd-underline-colored\">CUDZINECK\u00c1 POL\u00cdCIA<\/h1> \n\t\t\t\t\t\t\t<\/div>\n\n\t\t\t\t\t<\/div>\n\t\t\t\t\t\t<\/div>\n\t\t\t\t<\/div>\n\t\t\t\t<div class=\"elementor-element elementor-element-43792ea wd-animation-slide-from-bottom elementor-hidden-desktop elementor-hidden-tablet wd-width-100 wd-animation-normal elementor-widget elementor-widget-wd_title\" data-id=\"43792ea\" data-element_type=\"widget\" data-widget_type=\"wd_title.default\">\n\t\t\t\t<div class=\"elementor-widget-container\">\n\t\t\t\t\t\t\t<div class=\"title-wrapper set-mb-s reset-last-child wd-title-color-default wd-title-style-default wd-title-size-default text-center\">\n\n\t\t\t\n\t\t\t<div class=\"liner-continer\">\n\t\t\t\t<h1 class=\"woodmart-title-container title wd-fontsize-l wd-underline-colored\">CUDZINECK\u00c1 POL\u00cdCIA<\/h1> \n\t\t\t\t\t\t\t<\/div>\n\n\t\t\t\t\t<\/div>\n\t\t\t\t\t\t<\/div>\n\t\t\t\t<\/div>\n\t\t\t\t<\/div>\n\t\t<div class=\"elementor-element elementor-element-2be346a e-con-full e-flex e-con e-child\" data-id=\"2be346a\" data-element_type=\"container\">\n\t\t\t\t\t<link rel=\"stylesheet\" id=\"wd-mod-animations-keyframes-css\" href=\"https:\/\/companion.sk\/wp-content\/themes\/woodmart\/css\/parts\/mod-animations-keyframes.min.css?ver=7.6.0\" type=\"text\/css\" media=\"all\" \/> \t\t\t\t\t<div class=\"elementor-element elementor-element-283a9c8 color-scheme-inherit text-left elementor-invisible elementor-widget elementor-widget-text-editor\" data-id=\"283a9c8\" data-element_type=\"widget\" data-settings=\"{&quot;_animation&quot;:&quot;fadeInUp&quot;}\" data-widget_type=\"text-editor.default\">\n\t\t\t\t<div class=\"elementor-widget-container\">\n\t\t\t\t\t\t\t\t\t<p>Rozumieme, \u017ee pobyt v\u00a0cudzine so sebou prin\u00e1\u0161a rozmanit\u00e9 \u017eivotn\u00e9 udalosti, ktor\u00e9 si vy\u017eaduj\u00fa trval\u00e9 rie\u0161enia. Na\u0161e pr\u00e1vne a\u00a0poradensk\u00e9 slu\u017eby preto zah\u0155\u0148aj\u00fa aj\u00a0kompletn\u00e9 vybavovanie cudzineckej agendy vr\u00e1tane v\u0161eobecnej asistencie na \u00faradoch.<\/p>\t\t\t\t\t\t\t\t<\/div>\n\t\t\t\t<\/div>\n\t\t\t\t<\/div>\n\t\t\t\t\t<\/div>\n\t\t\t\t<\/div>\n\t\t<div class=\"wd-negative-gap elementor-element elementor-element-99d0164 e-flex e-con-boxed e-con e-parent\" data-id=\"99d0164\" data-element_type=\"container\">\n\t\t\t\t\t<div class=\"e-con-inner\">\n\t\t<div class=\"elementor-element elementor-element-24c96c5 e-con-full e-flex e-con e-child\" data-id=\"24c96c5\" data-element_type=\"container\">\n\t\t\t\t<div class=\"elementor-element elementor-element-af22062 e-transform elementor-position-top elementor-invisible elementor-widget elementor-widget-image-box\" data-id=\"af22062\" data-element_type=\"widget\" data-settings=\"{&quot;_animation&quot;:&quot;wd-anim-left-flip-y&quot;,&quot;_transform_scale_effect_hover&quot;:{&quot;unit&quot;:&quot;px&quot;,&quot;size&quot;:1.020000000000000017763568394002504646778106689453125,&quot;sizes&quot;:[]},&quot;_transform_scale_effect_hover_tablet&quot;:{&quot;unit&quot;:&quot;px&quot;,&quot;size&quot;:&quot;&quot;,&quot;sizes&quot;:[]},&quot;_transform_scale_effect_hover_mobile&quot;:{&quot;unit&quot;:&quot;px&quot;,&quot;size&quot;:&quot;&quot;,&quot;sizes&quot;:[]}}\" data-widget_type=\"image-box.default\">\n\t\t\t\t<div class=\"elementor-widget-container\">\n\t\t\t\t\t<div class=\"elementor-image-box-wrapper\"><figure class=\"elementor-image-box-img\"><img decoding=\"async\" width=\"124\" height=\"125\" src=\"https:\/\/companion.sk\/wp-content\/uploads\/2024\/10\/nove-ciselne-ikonky.svg\" class=\"attachment-full size-full wp-image-15925\" alt=\"\" \/><\/figure><div class=\"elementor-image-box-content\"><h3 class=\"elementor-image-box-title\">POVOLENIE NA POBYT<\/h3><p class=\"elementor-image-box-description\">Z\u00edskaniu povolenia na pobyt v Slovenskej republike predch\u00e1dza splnenie nieko\u013ek\u00fdch krit\u00e9ri\u00ed obsiahnut\u00fdch v z\u00e1kone o pobyte cudzincov. Zlo\u017eit\u00e9 z\u00e1konn\u00e9 podmienky v\u00e1m radi vysvetl\u00edme, a to s oh\u013eadom na Va\u0161u konkr\u00e9tnu situ\u00e1ciu, v ktorej sa nach\u00e1dzate. Na\u0161im klientom garantujeme bezchybn\u00e9 zhotovenie a n\u00e1sledn\u00e9 podanie \u017eiadosti na pobyt pr\u00edslu\u0161n\u00e9mu org\u00e1nu.\n<\/p><\/div><\/div>\t\t\t\t<\/div>\n\t\t\t\t<\/div>\n\t\t\t\t<\/div>\n\t\t<div class=\"elementor-element elementor-element-9ed02c2 e-con-full e-flex e-con e-child\" data-id=\"9ed02c2\" data-element_type=\"container\">\n\t\t\t\t<div class=\"elementor-element elementor-element-10eda24 e-transform elementor-position-top elementor-invisible elementor-widget elementor-widget-image-box\" data-id=\"10eda24\" data-element_type=\"widget\" data-settings=\"{&quot;_animation&quot;:&quot;wd-anim-left-flip-y&quot;,&quot;_transform_scale_effect_hover&quot;:{&quot;unit&quot;:&quot;px&quot;,&quot;size&quot;:1.020000000000000017763568394002504646778106689453125,&quot;sizes&quot;:[]},&quot;_transform_scale_effect_hover_tablet&quot;:{&quot;unit&quot;:&quot;px&quot;,&quot;size&quot;:&quot;&quot;,&quot;sizes&quot;:[]},&quot;_transform_scale_effect_hover_mobile&quot;:{&quot;unit&quot;:&quot;px&quot;,&quot;size&quot;:&quot;&quot;,&quot;sizes&quot;:[]}}\" data-widget_type=\"image-box.default\">\n\t\t\t\t<div class=\"elementor-widget-container\">\n\t\t\t\t\t<div class=\"elementor-image-box-wrapper\"><figure class=\"elementor-image-box-img\"><img decoding=\"async\" width=\"126\" height=\"126\" src=\"https:\/\/companion.sk\/wp-content\/uploads\/2024\/10\/nove-ciselne-ikonky-2.svg\" class=\"attachment-full size-full wp-image-15926\" alt=\"\" \/><\/figure><div class=\"elementor-image-box-content\"><h3 class=\"elementor-image-box-title\">VODI\u010cSK\u00c9 OPR\u00c1VNENIE<\/h3><p class=\"elementor-image-box-description\">V r\u00e1mci na\u0161ej dlhoro\u010dnej praxe poskytujeme komplexn\u00e9 rie\u0161enia, a preto pom\u00e1hame cudzincom aj so z\u00edskavan\u00edm slovensk\u00e9ho vodi\u010dsk\u00e9ho opr\u00e1vnenia. Dohliadame na kompletn\u00e9 splnenie potrebn\u00fdch n\u00e1le\u017eitost\u00ed i na dolo\u017eenie v\u0161etk\u00fdch nevyhnutn\u00fdch dokumentov. Na\u0161imi asisten\u010dn\u00fdmi slu\u017ebami tak zabezpe\u010dujeme hladk\u00fd priebeh vydania V\u00e1\u0161ho vodi\u010dsk\u00e9ho opr\u00e1vnenia.\n<\/p><\/div><\/div>\t\t\t\t<\/div>\n\t\t\t\t<\/div>\n\t\t\t\t<\/div>\n\t\t\t\t\t<\/div>\n\t\t\t\t<\/div>\n\t\t<div class=\"wd-negative-gap elementor-element elementor-element-461da93 e-flex e-con-boxed e-con e-parent\" data-id=\"461da93\" data-element_type=\"container\">\n\t\t\t\t\t<div class=\"e-con-inner\">\n\t\t<div class=\"elementor-element elementor-element-b439be7 e-con-full e-flex e-con e-child\" data-id=\"b439be7\" data-element_type=\"container\">\n\t\t\t\t<div class=\"elementor-element elementor-element-486f337 e-transform elementor-position-top elementor-invisible elementor-widget elementor-widget-image-box\" data-id=\"486f337\" data-element_type=\"widget\" data-settings=\"{&quot;_animation&quot;:&quot;wd-anim-left-flip-y&quot;,&quot;_transform_scale_effect_hover&quot;:{&quot;unit&quot;:&quot;px&quot;,&quot;size&quot;:1.020000000000000017763568394002504646778106689453125,&quot;sizes&quot;:[]},&quot;_transform_scale_effect_hover_tablet&quot;:{&quot;unit&quot;:&quot;px&quot;,&quot;size&quot;:&quot;&quot;,&quot;sizes&quot;:[]},&quot;_transform_scale_effect_hover_mobile&quot;:{&quot;unit&quot;:&quot;px&quot;,&quot;size&quot;:&quot;&quot;,&quot;sizes&quot;:[]}}\" data-widget_type=\"image-box.default\">\n\t\t\t\t<div class=\"elementor-widget-container\">\n\t\t\t\t\t<div class=\"elementor-image-box-wrapper\"><figure class=\"elementor-image-box-img\"><img decoding=\"async\" width=\"126\" height=\"126\" src=\"https:\/\/companion.sk\/wp-content\/uploads\/2024\/10\/nove-ciselne-ikonky-3.svg\" class=\"attachment-full size-full wp-image-15922\" alt=\"\" \/><\/figure><div class=\"elementor-image-box-content\"><h3 class=\"elementor-image-box-title\">\u0160T\u00c1TNE OB\u010cIANSTVO<\/h3><p class=\"elementor-image-box-description\">\u017diados\u0165 cudzinca o udelenie slovensk\u00e9ho \u0161t\u00e1tneho ob\u010dianstva b\u00fdva \u010dastokr\u00e1t zamietnut\u00e1 len kv\u00f4li banalite, akou je jej nespr\u00e1vne vyplnenie n\u00e1vrhu. Odbornou kontrolou \u017eiadosti vr\u00e1tane kontroly naplnenia podmienok na udelenie slovensk\u00e9ho \u0161t\u00e1tneho ob\u010dianstva sa vyhnete mnoh\u00fdm zbyto\u010dn\u00fdm nepr\u00edjemnostiam. Ur\u00fdchlite proces vybavovania Va\u0161ej \u017eiadosti a zaistite si jej schv\u00e1lenie v\u010faka na\u0161ej odbornej asistencii, ktor\u00fa V\u00e1m dok\u00e1\u017eeme pon\u00faknu\u0165.\n<\/p><\/div><\/div>\t\t\t\t<\/div>\n\t\t\t\t<\/div>\n\t\t\t\t<\/div>\n\t\t<div class=\"elementor-element elementor-element-8c1aa4e e-con-full e-flex e-con e-child\" data-id=\"8c1aa4e\" data-element_type=\"container\">\n\t\t\t\t<div class=\"elementor-element elementor-element-9dcbc8b e-transform elementor-position-top elementor-invisible elementor-widget elementor-widget-image-box\" data-id=\"9dcbc8b\" data-element_type=\"widget\" data-settings=\"{&quot;_animation&quot;:&quot;wd-anim-left-flip-y&quot;,&quot;_transform_scale_effect_hover&quot;:{&quot;unit&quot;:&quot;px&quot;,&quot;size&quot;:1.020000000000000017763568394002504646778106689453125,&quot;sizes&quot;:[]},&quot;_transform_scale_effect_hover_tablet&quot;:{&quot;unit&quot;:&quot;px&quot;,&quot;size&quot;:&quot;&quot;,&quot;sizes&quot;:[]},&quot;_transform_scale_effect_hover_mobile&quot;:{&quot;unit&quot;:&quot;px&quot;,&quot;size&quot;:&quot;&quot;,&quot;sizes&quot;:[]}}\" data-widget_type=\"image-box.default\">\n\t\t\t\t<div class=\"elementor-widget-container\">\n\t\t\t\t\t<div class=\"elementor-image-box-wrapper\"><figure class=\"elementor-image-box-img\"><img loading=\"lazy\" decoding=\"async\" width=\"126\" height=\"126\" src=\"https:\/\/companion.sk\/wp-content\/uploads\/2024\/10\/nove-ciselne-ikonky-4.svg\" class=\"attachment-full size-full wp-image-15923\" alt=\"\" \/><\/figure><div class=\"elementor-image-box-content\"><h3 class=\"elementor-image-box-title\">V\u0160EOBECN\u00c1 ASISTENCIA NA \u00daRADOCH<\/h3><p class=\"elementor-image-box-description\">\u017divot cudzinca v cudzom \u0161t\u00e1te m\u00f4\u017ee by\u0165 komplikovan\u00fd. Ke\u010f si mysl\u00ed, \u017ee u\u017e m\u00e1 v\u0161etko potrebn\u00e9 vybaven\u00e9, objav\u00ed sa nov\u00e1 n\u00e1straha, na ktor\u00fa sa mus\u00ed s\u00fastredi\u0165. Uvedomujeme si, \u017ee V\u00e1s neust\u00e1le vybavovanie be\u017en\u00fdch \u00faradn\u00fdch z\u00e1le\u017eitost\u00ed (najm\u00e4 ak nehovor\u00edte po slovensky) ober\u00e1 o drahocenn\u00fd \u010das i energiu. Nebojte sa poveri\u0165 n\u00e1s rie\u0161en\u00edm Va\u0161ich pr\u00e1vnych\u00a0z\u00e1le\u017eitost\u00ed.<\/p><\/div><\/div>\t\t\t\t<\/div>\n\t\t\t\t<\/div>\n\t\t\t\t<\/div>\n\t\t\t\t\t<\/div>\n\t\t\t\t<\/div>\n\t\t<div class=\"wd-negative-gap elementor-element elementor-element-269b753 wd-section-stretch e-flex e-con-boxed e-con e-parent\" data-id=\"269b753\" data-element_type=\"container\" data-settings=\"{&quot;background_background&quot;:&quot;classic&quot;}\">\n\t\t\t\t\t<div class=\"e-con-inner\">\n\t\t<div class=\"elementor-element elementor-element-4db5ec9 e-con-full e-flex e-con e-child\" data-id=\"4db5ec9\" data-element_type=\"container\">\n\t\t\t\t<div class=\"elementor-element elementor-element-ef9ca10 wd-animation-slide-from-bottom elementor-hidden-mobile wd-width-100 wd-animation-normal elementor-widget elementor-widget-wd_title\" data-id=\"ef9ca10\" data-element_type=\"widget\" data-widget_type=\"wd_title.default\">\n\t\t\t\t<div class=\"elementor-widget-container\">\n\t\t\t\t\t\t\t<div class=\"title-wrapper set-mb-s reset-last-child wd-title-color-default wd-title-style-default wd-title-size-default text-left\">\n\n\t\t\t\n\t\t\t<div class=\"liner-continer\">\n\t\t\t\t<h1 class=\"woodmart-title-container title wd-fontsize-l wd-underline-colored\">M\u00e1te z\u00e1ujem o na\u0161e slu\u017eby?<\/h1> \n\t\t\t\t\t\t\t<\/div>\n\n\t\t\t\t\t<\/div>\n\t\t\t\t\t\t<\/div>\n\t\t\t\t<\/div>\n\t\t\t\t<div class=\"elementor-element elementor-element-35eca32 wd-animation-slide-from-bottom elementor-hidden-desktop elementor-hidden-tablet wd-width-100 wd-animation-normal elementor-widget elementor-widget-wd_title\" data-id=\"35eca32\" data-element_type=\"widget\" data-widget_type=\"wd_title.default\">\n\t\t\t\t<div class=\"elementor-widget-container\">\n\t\t\t\t\t\t\t<div class=\"title-wrapper set-mb-s reset-last-child wd-title-color-default wd-title-style-default wd-title-size-default text-center\">\n\n\t\t\t\n\t\t\t<div class=\"liner-continer\">\n\t\t\t\t<h1 class=\"woodmart-title-container title wd-fontsize-l wd-underline-colored\">M\u00e1te z\u00e1ujem o na\u0161e slu\u017eby?<\/h1> \n\t\t\t\t\t\t\t<\/div>\n\n\t\t\t\t\t<\/div>\n\t\t\t\t\t\t<\/div>\n\t\t\t\t<\/div>\n\t\t\t\t<\/div>\n\t\t<div class=\"elementor-element elementor-element-4d214d2 e-con-full e-flex e-con e-child\" data-id=\"4d214d2\" data-element_type=\"container\">\n\t\t\t\t<div class=\"elementor-element elementor-element-d1387b5 elementor-widget__width-auto wd-animation-slide-from-bottom wd-animation-normal elementor-widget elementor-widget-wd_button\" data-id=\"d1387b5\" data-element_type=\"widget\" data-widget_type=\"wd_button.default\">\n\t\t\t\t<div class=\"elementor-widget-container\">\n\t\t\t\t\t\t\t<div class=\"wd-button-wrapper text-center\" >\n\t\t\t<a class=\"btn btn-style-bordered btn-style-semi-round btn-size-default btn-scheme-custom btn-scheme-hover-custom btn-icon-pos-right\"  href=\"https:\/\/companion.sk\/en\/kontakt\/\">\n\t\t\t\t<span class=\"wd-btn-text\" data-elementor-setting-key=\"text\">\n\t\t\t\t\tKontaktujte n\u00e1s\t\t\t\t<\/span>\n\n\t\t\t\t\t\t\t<\/a>\n\t\t<\/div>\n\t\t\t\t\t\t<\/div>\n\t\t\t\t<\/div>\n\t\t\t\t<\/div>\n\t\t\t\t\t<\/div>\n\t\t\t\t<\/div>\n\t\t\t\t<\/div>","protected":false},"excerpt":{"rendered":"<p>CUDZINECK\u00c1 POL\u00cdCIA CUDZINECK\u00c1 POL\u00cdCIA Rozumieme, \u017ee pobyt v\u00a0cudzine so sebou prin\u00e1\u0161a rozmanit\u00e9 \u017eivotn\u00e9 udalosti, ktor\u00e9 si vy\u017eaduj\u00fa trval\u00e9 rie\u0161enia. Na\u0161e<\/p>","protected":false},"author":1,"featured_media":0,"parent":0,"menu_order":0,"comment_status":"closed","ping_status":"closed","template":"","meta":{"rank_math_lock_modified_date":false,"footnotes":""},"class_list":["post-1477","page","type-page","status-publish","hentry"],"_links":{"self":[{"href":"https:\/\/companion.sk\/en\/wp-json\/wp\/v2\/pages\/1477","targetHints":{"allow":["GET"]}}],"collection":[{"href":"https:\/\/companion.sk\/en\/wp-json\/wp\/v2\/pages"}],"about":[{"href":"https:\/\/companion.sk\/en\/wp-json\/wp\/v2\/types\/page"}],"author":[{"embeddable":true,"href":"https:\/\/companion.sk\/en\/wp-json\/wp\/v2\/users\/1"}],"replies":[{"embeddable":true,"href":"https:\/\/companion.sk\/en\/wp-json\/wp\/v2\/comments?post=1477"}],"version-history":[{"count":6,"href":"https:\/\/companion.sk\/en\/wp-json\/wp\/v2\/pages\/1477\/revisions"}],"predecessor-version":[{"id":15992,"href":"https:\/\/companion.sk\/en\/wp-json\/wp\/v2\/pages\/1477\/revisions\/15992"}],"wp:attachment":[{"href":"https:\/\/companion.sk\/en\/wp-json\/wp\/v2\/media?parent=1477"}],"curies":[{"name":"wp","href":"https:\/\/api.w.org\/{rel}","templated":true}]}}