{"id":14,"date":"2015-02-20T20:12:33","date_gmt":"2015-02-20T20:12:33","guid":{"rendered":"https:\/\/avada.theme-fusion.com_demos\/law\/?page_id=14"},"modified":"2024-11-05T08:30:35","modified_gmt":"2024-11-05T07:30:35","slug":"ready-made-spolocnosti","status":"publish","type":"page","link":"https:\/\/companion.sk\/en\/ready-made-spolocnosti\/","title":{"rendered":"Ready-made spolo\u010dnosti"},"content":{"rendered":"<div data-elementor-type=\"wp-page\" data-elementor-id=\"14\" class=\"elementor elementor-14\">\n\t\t\t\t<div class=\"wd-negative-gap elementor-element elementor-element-3c4eca9 wd-section-stretch e-flex e-con-boxed e-con e-parent\" data-id=\"3c4eca9\" data-element_type=\"container\" data-settings=\"{&quot;background_background&quot;:&quot;gradient&quot;}\">\n\t\t\t\t\t<div class=\"e-con-inner\">\n\t\t<div class=\"elementor-element elementor-element-9f05b76 e-con-full e-flex e-con e-child\" data-id=\"9f05b76\" data-element_type=\"container\">\n\t\t\t\t\t<link rel=\"stylesheet\" id=\"wd-animations-css\" href=\"https:\/\/companion.sk\/wp-content\/themes\/woodmart\/css\/parts\/mod-animations-transform.min.css?ver=7.6.0\" type=\"text\/css\" media=\"all\" \/> \t\t\t\t\t<div class=\"elementor-element elementor-element-10f00b6 wd-animation-slide-from-bottom elementor-hidden-mobile wd-width-100 wd-animation-normal elementor-widget elementor-widget-wd_title\" data-id=\"10f00b6\" data-element_type=\"widget\" data-widget_type=\"wd_title.default\">\n\t\t\t\t<div class=\"elementor-widget-container\">\n\t\t\t\t\t\t\t\t<link rel=\"stylesheet\" id=\"wd-section-title-css\" href=\"https:\/\/companion.sk\/wp-content\/themes\/woodmart\/css\/parts\/el-section-title.min.css?ver=7.6.0\" type=\"text\/css\" media=\"all\" \/> \t\t\t\t\t\t<link rel=\"stylesheet\" id=\"wd-mod-highlighted-text-css\" href=\"https:\/\/companion.sk\/wp-content\/themes\/woodmart\/css\/parts\/mod-highlighted-text.min.css?ver=7.6.0\" type=\"text\/css\" media=\"all\" \/> \t\t\t\t\t<div class=\"title-wrapper set-mb-s reset-last-child wd-title-color-default wd-title-style-default wd-title-size-default text-left\">\n\n\t\t\t\n\t\t\t<div class=\"liner-continer\">\n\t\t\t\t<h1 class=\"woodmart-title-container title wd-fontsize-l wd-underline-colored\">READY-MADE SPOLO\u010cNOSTI<\/h1> \n\t\t\t\t\t\t\t<\/div>\n\n\t\t\t\t\t<\/div>\n\t\t\t\t\t\t<\/div>\n\t\t\t\t<\/div>\n\t\t\t\t<div class=\"elementor-element elementor-element-dc1c86a wd-animation-slide-from-bottom elementor-hidden-desktop elementor-hidden-tablet wd-width-100 wd-animation-normal elementor-widget elementor-widget-wd_title\" data-id=\"dc1c86a\" data-element_type=\"widget\" data-widget_type=\"wd_title.default\">\n\t\t\t\t<div class=\"elementor-widget-container\">\n\t\t\t\t\t\t\t<div class=\"title-wrapper set-mb-s reset-last-child wd-title-color-default wd-title-style-default wd-title-size-default text-center\">\n\n\t\t\t\n\t\t\t<div class=\"liner-continer\">\n\t\t\t\t<h1 class=\"woodmart-title-container title wd-fontsize-l wd-underline-colored\">READY-MADE SPOLO\u010cNOSTI<\/h1> \n\t\t\t\t\t\t\t<\/div>\n\n\t\t\t\t\t<\/div>\n\t\t\t\t\t\t<\/div>\n\t\t\t\t<\/div>\n\t\t\t\t<\/div>\n\t\t<div class=\"elementor-element elementor-element-7d0c416 e-con-full e-flex e-con e-child\" data-id=\"7d0c416\" data-element_type=\"container\">\n\t\t\t\t\t<link rel=\"stylesheet\" id=\"wd-mod-animations-keyframes-css\" href=\"https:\/\/companion.sk\/wp-content\/themes\/woodmart\/css\/parts\/mod-animations-keyframes.min.css?ver=7.6.0\" type=\"text\/css\" media=\"all\" \/> \t\t\t\t\t<div class=\"elementor-element elementor-element-a5fbdc0 color-scheme-inherit text-left elementor-invisible elementor-widget elementor-widget-text-editor\" data-id=\"a5fbdc0\" data-element_type=\"widget\" data-settings=\"{&quot;_animation&quot;:&quot;fadeInUp&quot;}\" data-widget_type=\"text-editor.default\">\n\t\t\t\t<div class=\"elementor-widget-container\">\n\t\t\t\t\t\t\t\t\t<p>Na z\u00e1klade na\u0161ich znalost\u00ed a dlhoro\u010dn\u00fdch sk\u00fasenost\u00ed z oblasti obchodn\u00e9ho pr\u00e1va a aj vlastn\u00e9ho podnikania sa orientujeme aj v s\u00fa\u010dasn\u00fdch pr\u00e1vnych trendoch podnikania. Radi v\u00e1m preto pom\u00f4\u017eeme so zalo\u017een\u00edm, zmenou alebo predajom va\u0161ej spolo\u010dnosti, pr\u00edpadne v\u00e1m poskytneme ready &#8211; made spolo\u010dnos\u0165 v pr\u00edpade, ak potrebujete spolo\u010dnos\u0165\u00a0okam\u017eite.<\/p>\t\t\t\t\t\t\t\t<\/div>\n\t\t\t\t<\/div>\n\t\t\t\t<\/div>\n\t\t\t\t\t<\/div>\n\t\t\t\t<\/div>\n\t\t<div class=\"wd-negative-gap elementor-element elementor-element-b3a0aab e-flex e-con-boxed e-con e-parent\" data-id=\"b3a0aab\" data-element_type=\"container\">\n\t\t\t\t\t<div class=\"e-con-inner\">\n\t\t<div class=\"elementor-element elementor-element-4898016 e-con-full e-transform e-flex elementor-invisible e-con e-child\" data-id=\"4898016\" data-element_type=\"container\" data-settings=\"{&quot;animation&quot;:&quot;wd-anim-left-flip-y&quot;,&quot;_transform_scale_effect_hover&quot;:{&quot;unit&quot;:&quot;px&quot;,&quot;size&quot;:1.020000000000000017763568394002504646778106689453125,&quot;sizes&quot;:[]},&quot;_transform_scale_effect_hover_tablet&quot;:{&quot;unit&quot;:&quot;px&quot;,&quot;size&quot;:&quot;&quot;,&quot;sizes&quot;:[]},&quot;_transform_scale_effect_hover_mobile&quot;:{&quot;unit&quot;:&quot;px&quot;,&quot;size&quot;:&quot;&quot;,&quot;sizes&quot;:[]}}\">\n\t\t\t\t<div class=\"elementor-element elementor-element-6a48952 elementor-position-top elementor-widget elementor-widget-image-box\" data-id=\"6a48952\" data-element_type=\"widget\" data-widget_type=\"image-box.default\">\n\t\t\t\t<div class=\"elementor-widget-container\">\n\t\t\t\t\t<div class=\"elementor-image-box-wrapper\"><figure class=\"elementor-image-box-img\"><img decoding=\"async\" width=\"124\" height=\"125\" src=\"https:\/\/companion.sk\/wp-content\/uploads\/2024\/10\/nove-ciselne-ikonky.svg\" class=\"attachment-full size-full wp-image-15925\" alt=\"\" \/><\/figure><div class=\"elementor-image-box-content\"><h3 class=\"elementor-image-box-title\">CHCETE K\u00daPI\u0164 READY MADE (HOTOV\u00da) SPOLO\u010cNOS\u0164?<\/h3><\/div><\/div>\t\t\t\t<\/div>\n\t\t\t\t<\/div>\n\t\t\t\t<div class=\"elementor-element elementor-element-bd209da color-scheme-inherit text-left elementor-widget elementor-widget-text-editor\" data-id=\"bd209da\" data-element_type=\"widget\" data-settings=\"{&quot;_animation&quot;:&quot;none&quot;}\" data-widget_type=\"text-editor.default\">\n\t\t\t\t<div class=\"elementor-widget-container\">\n\t\t\t\t\t\t\t\t\t<p>K\u00fapa ready \u2013 made (hotovej) spolo\u010dnosti predstavuje atrakt\u00edvne rie\u0161enie pre ur\u00fdchlen\u00fd za\u010diatok r\u00f4znych druhov podnikania. Medzi \u010fal\u0161ie v\u00fdhody tejto k\u00fapy nepochybne patr\u00ed i to, \u017ee ready \u2013 made spolo\u010dnos\u0165 za sebou nem\u00e1 \u017eiadnu ekonomick\u00fa hist\u00f3riu a kupuj\u00faci si tak m\u00f4\u017eu by\u0165 absol\u00fatne ist\u00ed nulov\u00fdmi z\u00e1v\u00e4zkami i poh\u013ead\u00e1vkami spolo\u010dnosti.<\/p><p>M\u00f4\u017eete si vybra\u0165, \u010di chcete spolo\u010dnos\u0165, ktor\u00e1 je u\u017e registrovan\u00e1 ako platca DPH.<\/p>\t\t\t\t\t\t\t\t<\/div>\n\t\t\t\t<\/div>\n\t\t\t\t<\/div>\n\t\t<div class=\"elementor-element elementor-element-1b0c6a7 e-con-full e-transform e-flex elementor-invisible e-con e-child\" data-id=\"1b0c6a7\" data-element_type=\"container\" data-settings=\"{&quot;animation&quot;:&quot;wd-anim-left-flip-y&quot;,&quot;_transform_scale_effect_hover&quot;:{&quot;unit&quot;:&quot;px&quot;,&quot;size&quot;:1.020000000000000017763568394002504646778106689453125,&quot;sizes&quot;:[]},&quot;_transform_scale_effect_hover_tablet&quot;:{&quot;unit&quot;:&quot;px&quot;,&quot;size&quot;:&quot;&quot;,&quot;sizes&quot;:[]},&quot;_transform_scale_effect_hover_mobile&quot;:{&quot;unit&quot;:&quot;px&quot;,&quot;size&quot;:&quot;&quot;,&quot;sizes&quot;:[]}}\">\n\t\t\t\t<div class=\"elementor-element elementor-element-d447f3b elementor-position-top elementor-widget elementor-widget-image-box\" data-id=\"d447f3b\" data-element_type=\"widget\" data-widget_type=\"image-box.default\">\n\t\t\t\t<div class=\"elementor-widget-container\">\n\t\t\t\t\t<div class=\"elementor-image-box-wrapper\"><figure class=\"elementor-image-box-img\"><img decoding=\"async\" width=\"126\" height=\"126\" src=\"https:\/\/companion.sk\/wp-content\/uploads\/2024\/10\/nove-ciselne-ikonky-2.svg\" class=\"attachment-full size-full wp-image-15926\" alt=\"\" \/><\/figure><div class=\"elementor-image-box-content\"><h3 class=\"elementor-image-box-title\">CHCETE POMOC SO ZALO\u017dEN\u00cdM SPOLO\u010cNOSTI?<\/h3><\/div><\/div>\t\t\t\t<\/div>\n\t\t\t\t<\/div>\n\t\t\t\t<div class=\"elementor-element elementor-element-4811ea3 color-scheme-inherit text-left elementor-widget elementor-widget-text-editor\" data-id=\"4811ea3\" data-element_type=\"widget\" data-settings=\"{&quot;_animation&quot;:&quot;none&quot;}\" data-widget_type=\"text-editor.default\">\n\t\t\t\t<div class=\"elementor-widget-container\">\n\t\t\t\t\t\t\t\t\t<p>V pr\u00edpade, ak potrebujete pomoc so zalo\u017een\u00edm spolo\u010dnosti, samozrejmos\u0165ou je aj konzult\u00e1cia s advok\u00e1tom v cene pred samotn\u00fdm zalo\u017een\u00edm spolo\u010dnosti. <\/p>\t\t\t\t\t\t\t\t<\/div>\n\t\t\t\t<\/div>\n\t\t\t\t<\/div>\n\t\t\t\t\t<\/div>\n\t\t\t\t<\/div>\n\t\t<div class=\"wd-negative-gap elementor-element elementor-element-493aa30 e-flex e-con-boxed e-con e-parent\" data-id=\"493aa30\" data-element_type=\"container\">\n\t\t\t\t\t<div class=\"e-con-inner\">\n\t\t<div class=\"elementor-element elementor-element-b75aab7 e-con-full e-transform e-flex elementor-invisible e-con e-child\" data-id=\"b75aab7\" data-element_type=\"container\" data-settings=\"{&quot;animation&quot;:&quot;wd-anim-left-flip-y&quot;,&quot;_transform_scale_effect_hover&quot;:{&quot;unit&quot;:&quot;px&quot;,&quot;size&quot;:1.020000000000000017763568394002504646778106689453125,&quot;sizes&quot;:[]},&quot;_transform_scale_effect_hover_tablet&quot;:{&quot;unit&quot;:&quot;px&quot;,&quot;size&quot;:&quot;&quot;,&quot;sizes&quot;:[]},&quot;_transform_scale_effect_hover_mobile&quot;:{&quot;unit&quot;:&quot;px&quot;,&quot;size&quot;:&quot;&quot;,&quot;sizes&quot;:[]}}\">\n\t\t\t\t<div class=\"elementor-element elementor-element-0201e31 elementor-position-top elementor-widget elementor-widget-image-box\" data-id=\"0201e31\" data-element_type=\"widget\" data-widget_type=\"image-box.default\">\n\t\t\t\t<div class=\"elementor-widget-container\">\n\t\t\t\t\t<div class=\"elementor-image-box-wrapper\"><figure class=\"elementor-image-box-img\"><img decoding=\"async\" width=\"126\" height=\"126\" src=\"https:\/\/companion.sk\/wp-content\/uploads\/2024\/10\/nove-ciselne-ikonky-3.svg\" class=\"attachment-full size-full wp-image-15922\" alt=\"\" \/><\/figure><div class=\"elementor-image-box-content\"><h3 class=\"elementor-image-box-title\">U\u017d M\u00c1TE SPOLO\u010cNOS\u0164 ALEBO \u017dIVNOS\u0164 A POTREBUJETE POMOC SO ZMENOU?<\/h3><\/div><\/div>\t\t\t\t<\/div>\n\t\t\t\t<\/div>\n\t\t\t\t<div class=\"elementor-element elementor-element-d2e69ec color-scheme-inherit text-left elementor-widget elementor-widget-text-editor\" data-id=\"d2e69ec\" data-element_type=\"widget\" data-settings=\"{&quot;_animation&quot;:&quot;none&quot;}\" data-widget_type=\"text-editor.default\">\n\t\t\t\t<div class=\"elementor-widget-container\">\n\t\t\t\t\t\t\t\t\t<p>Potrebujete spolo\u010dnos\u0165 previes\u0165 na in\u00fa osobu alebo potrebujete zmeni\u0165 s\u00eddlo, obchodn\u00e9 meno, konate\u013ea? Pr\u00edpadne chcete prejs\u0165 zo \u017eivnosti na \u201eesero\u010dku\u201c? <\/p>\t\t\t\t\t\t\t\t<\/div>\n\t\t\t\t<\/div>\n\t\t\t\t<\/div>\n\t\t<div class=\"elementor-element elementor-element-2c0d7e0 e-con-full e-transform e-flex elementor-invisible e-con e-child\" data-id=\"2c0d7e0\" data-element_type=\"container\" data-settings=\"{&quot;animation&quot;:&quot;wd-anim-left-flip-y&quot;,&quot;_transform_scale_effect_hover&quot;:{&quot;unit&quot;:&quot;px&quot;,&quot;size&quot;:1.020000000000000017763568394002504646778106689453125,&quot;sizes&quot;:[]},&quot;_transform_scale_effect_hover_tablet&quot;:{&quot;unit&quot;:&quot;px&quot;,&quot;size&quot;:&quot;&quot;,&quot;sizes&quot;:[]},&quot;_transform_scale_effect_hover_mobile&quot;:{&quot;unit&quot;:&quot;px&quot;,&quot;size&quot;:&quot;&quot;,&quot;sizes&quot;:[]}}\">\n\t\t\t\t<div class=\"elementor-element elementor-element-ec8bcb9 elementor-position-top elementor-widget elementor-widget-image-box\" data-id=\"ec8bcb9\" data-element_type=\"widget\" data-widget_type=\"image-box.default\">\n\t\t\t\t<div class=\"elementor-widget-container\">\n\t\t\t\t\t<div class=\"elementor-image-box-wrapper\"><figure class=\"elementor-image-box-img\"><img loading=\"lazy\" decoding=\"async\" width=\"126\" height=\"126\" src=\"https:\/\/companion.sk\/wp-content\/uploads\/2024\/10\/nove-ciselne-ikonky-4.svg\" class=\"attachment-full size-full wp-image-15923\" alt=\"\" \/><\/figure><div class=\"elementor-image-box-content\"><h3 class=\"elementor-image-box-title\">M\u00c1TE IN\u00dd PROBL\u00c9M?<\/h3><\/div><\/div>\t\t\t\t<\/div>\n\t\t\t\t<\/div>\n\t\t\t\t<div class=\"elementor-element elementor-element-4029d39 color-scheme-inherit text-left elementor-widget elementor-widget-text-editor\" data-id=\"4029d39\" data-element_type=\"widget\" data-settings=\"{&quot;_animation&quot;:&quot;none&quot;}\" data-widget_type=\"text-editor.default\">\n\t\t\t\t<div class=\"elementor-widget-container\">\n\t\t\t\t\t\t\t\t\t<p>Pom\u00f4\u017eeme v\u00e1m aj pri vybavovan\u00ed tejto agendy:<br \/><br \/>&#8211; Register partnerov verejn\u00e9ho sektora<br \/>&#8211; Zoznam hospod\u00e1rskych subjektov<br \/>&#8211; Kone\u010dn\u00fd u\u017e\u00edvate\u013e v\u00fdhod<br \/>&#8211; Obchodn\u00fd register<br \/>&#8211; \u017divnostensk\u00fd register<br \/>&#8211; Licencia na n\u00e1kladn\u00fa\u00a0dopravu<\/p>\t\t\t\t\t\t\t\t<\/div>\n\t\t\t\t<\/div>\n\t\t\t\t<\/div>\n\t\t\t\t\t<\/div>\n\t\t\t\t<\/div>\n\t\t<div class=\"wd-negative-gap elementor-element elementor-element-ed39d01 wd-section-stretch e-flex e-con-boxed e-con e-parent\" data-id=\"ed39d01\" data-element_type=\"container\" data-settings=\"{&quot;background_background&quot;:&quot;classic&quot;}\">\n\t\t\t\t\t<div class=\"e-con-inner\">\n\t\t<div class=\"elementor-element elementor-element-e3158f0 e-con-full e-flex e-con e-child\" data-id=\"e3158f0\" data-element_type=\"container\">\n\t\t\t\t<div class=\"elementor-element elementor-element-0270321 wd-animation-slide-from-bottom elementor-hidden-mobile wd-width-100 wd-animation-normal elementor-widget elementor-widget-wd_title\" data-id=\"0270321\" data-element_type=\"widget\" data-widget_type=\"wd_title.default\">\n\t\t\t\t<div class=\"elementor-widget-container\">\n\t\t\t\t\t\t\t<div class=\"title-wrapper set-mb-s reset-last-child wd-title-color-default wd-title-style-default wd-title-size-default text-left\">\n\n\t\t\t\n\t\t\t<div class=\"liner-continer\">\n\t\t\t\t<h1 class=\"woodmart-title-container title wd-fontsize-l wd-underline-colored\">M\u00e1te z\u00e1ujem o na\u0161e slu\u017eby?<\/h1> \n\t\t\t\t\t\t\t<\/div>\n\n\t\t\t\t\t<\/div>\n\t\t\t\t\t\t<\/div>\n\t\t\t\t<\/div>\n\t\t\t\t<div class=\"elementor-element elementor-element-a9bde69 wd-animation-slide-from-bottom elementor-hidden-desktop elementor-hidden-tablet wd-width-100 wd-animation-normal elementor-widget elementor-widget-wd_title\" data-id=\"a9bde69\" data-element_type=\"widget\" data-widget_type=\"wd_title.default\">\n\t\t\t\t<div class=\"elementor-widget-container\">\n\t\t\t\t\t\t\t<div class=\"title-wrapper set-mb-s reset-last-child wd-title-color-default wd-title-style-default wd-title-size-default text-center\">\n\n\t\t\t\n\t\t\t<div class=\"liner-continer\">\n\t\t\t\t<h1 class=\"woodmart-title-container title wd-fontsize-l wd-underline-colored\">M\u00e1te z\u00e1ujem o na\u0161e slu\u017eby?<\/h1> \n\t\t\t\t\t\t\t<\/div>\n\n\t\t\t\t\t<\/div>\n\t\t\t\t\t\t<\/div>\n\t\t\t\t<\/div>\n\t\t\t\t<\/div>\n\t\t<div class=\"elementor-element elementor-element-5e29ade e-con-full e-flex e-con e-child\" data-id=\"5e29ade\" data-element_type=\"container\">\n\t\t\t\t<div class=\"elementor-element elementor-element-489b6b7 elementor-widget__width-auto wd-animation-slide-from-bottom wd-animation-normal elementor-widget elementor-widget-wd_button\" data-id=\"489b6b7\" data-element_type=\"widget\" data-widget_type=\"wd_button.default\">\n\t\t\t\t<div class=\"elementor-widget-container\">\n\t\t\t\t\t\t\t<div class=\"wd-button-wrapper text-center\" >\n\t\t\t<a class=\"btn btn-style-bordered btn-style-semi-round btn-size-default btn-scheme-custom btn-scheme-hover-custom btn-icon-pos-right\"  href=\"https:\/\/companion.sk\/en\/kontakt\/\">\n\t\t\t\t<span class=\"wd-btn-text\" data-elementor-setting-key=\"text\">\n\t\t\t\t\tKontaktujte n\u00e1s\t\t\t\t<\/span>\n\n\t\t\t\t\t\t\t<\/a>\n\t\t<\/div>\n\t\t\t\t\t\t<\/div>\n\t\t\t\t<\/div>\n\t\t\t\t<\/div>\n\t\t\t\t\t<\/div>\n\t\t\t\t<\/div>\n\t\t\t\t<\/div>","protected":false},"excerpt":{"rendered":"<p>READY-MADE SPOLO\u010cNOSTI READY-MADE SPOLO\u010cNOSTI Na z\u00e1klade na\u0161ich znalost\u00ed a dlhoro\u010dn\u00fdch sk\u00fasenost\u00ed z oblasti obchodn\u00e9ho pr\u00e1va a aj vlastn\u00e9ho podnikania sa<\/p>","protected":false},"author":1,"featured_media":0,"parent":0,"menu_order":0,"comment_status":"open","ping_status":"open","template":"","meta":{"rank_math_lock_modified_date":false,"footnotes":""},"class_list":["post-14","page","type-page","status-publish","hentry"],"_links":{"self":[{"href":"https:\/\/companion.sk\/en\/wp-json\/wp\/v2\/pages\/14","targetHints":{"allow":["GET"]}}],"collection":[{"href":"https:\/\/companion.sk\/en\/wp-json\/wp\/v2\/pages"}],"about":[{"href":"https:\/\/companion.sk\/en\/wp-json\/wp\/v2\/types\/page"}],"author":[{"embeddable":true,"href":"https:\/\/companion.sk\/en\/wp-json\/wp\/v2\/users\/1"}],"replies":[{"embeddable":true,"href":"https:\/\/companion.sk\/en\/wp-json\/wp\/v2\/comments?post=14"}],"version-history":[{"count":6,"href":"https:\/\/companion.sk\/en\/wp-json\/wp\/v2\/pages\/14\/revisions"}],"predecessor-version":[{"id":15983,"href":"https:\/\/companion.sk\/en\/wp-json\/wp\/v2\/pages\/14\/revisions\/15983"}],"wp:attachment":[{"href":"https:\/\/companion.sk\/en\/wp-json\/wp\/v2\/media?parent=14"}],"curies":[{"name":"wp","href":"https:\/\/api.w.org\/{rel}","templated":true}]}}