{"id":1080,"date":"2015-02-20T20:12:25","date_gmt":"2015-02-20T20:12:25","guid":{"rendered":"https:\/\/avada.theme-fusion.com_demos\/law\/?page_id=12"},"modified":"2024-10-30T12:47:33","modified_gmt":"2024-10-30T11:47:33","slug":"pravne-sluzby","status":"publish","type":"page","link":"https:\/\/companion.sk\/en\/pravne-sluzby\/","title":{"rendered":"Pr\u00e1vne slu\u017eby"},"content":{"rendered":"<div data-elementor-type=\"wp-page\" data-elementor-id=\"1080\" class=\"elementor elementor-1080\">\n\t\t\t\t<div class=\"wd-negative-gap elementor-element elementor-element-d119a55 wd-section-stretch e-flex e-con-boxed e-con e-parent\" data-id=\"d119a55\" data-element_type=\"container\" data-settings=\"{&quot;background_background&quot;:&quot;gradient&quot;}\">\n\t\t\t\t\t<div class=\"e-con-inner\">\n\t\t<div class=\"elementor-element elementor-element-bfe4d1a e-con-full e-flex e-con e-child\" data-id=\"bfe4d1a\" data-element_type=\"container\">\n\t\t\t\t\t<link rel=\"stylesheet\" id=\"wd-animations-css\" href=\"https:\/\/companion.sk\/wp-content\/themes\/woodmart\/css\/parts\/mod-animations-transform.min.css?ver=7.6.0\" type=\"text\/css\" media=\"all\" \/> \t\t\t\t\t<div class=\"elementor-element elementor-element-06e5e6d wd-animation-slide-from-bottom elementor-hidden-mobile wd-width-100 wd-animation-normal elementor-widget elementor-widget-wd_title\" data-id=\"06e5e6d\" data-element_type=\"widget\" data-widget_type=\"wd_title.default\">\n\t\t\t\t<div class=\"elementor-widget-container\">\n\t\t\t\t\t\t\t\t<link rel=\"stylesheet\" id=\"wd-section-title-css\" href=\"https:\/\/companion.sk\/wp-content\/themes\/woodmart\/css\/parts\/el-section-title.min.css?ver=7.6.0\" type=\"text\/css\" media=\"all\" \/> \t\t\t\t\t\t<link rel=\"stylesheet\" id=\"wd-mod-highlighted-text-css\" href=\"https:\/\/companion.sk\/wp-content\/themes\/woodmart\/css\/parts\/mod-highlighted-text.min.css?ver=7.6.0\" type=\"text\/css\" media=\"all\" \/> \t\t\t\t\t<div class=\"title-wrapper set-mb-s reset-last-child wd-title-color-default wd-title-style-default wd-title-size-default text-left\">\n\n\t\t\t\n\t\t\t<div class=\"liner-continer\">\n\t\t\t\t<h1 class=\"woodmart-title-container title wd-fontsize-l wd-underline-colored\">PR\u00c1VNE SLU\u017dBY<\/h1> \n\t\t\t\t\t\t\t<\/div>\n\n\t\t\t\t\t<\/div>\n\t\t\t\t\t\t<\/div>\n\t\t\t\t<\/div>\n\t\t\t\t<div class=\"elementor-element elementor-element-e23ab4b wd-animation-slide-from-bottom elementor-hidden-desktop elementor-hidden-tablet wd-width-100 wd-animation-normal elementor-widget elementor-widget-wd_title\" data-id=\"e23ab4b\" data-element_type=\"widget\" data-widget_type=\"wd_title.default\">\n\t\t\t\t<div class=\"elementor-widget-container\">\n\t\t\t\t\t\t\t<div class=\"title-wrapper set-mb-s reset-last-child wd-title-color-default wd-title-style-default wd-title-size-default text-center\">\n\n\t\t\t\n\t\t\t<div class=\"liner-continer\">\n\t\t\t\t<h1 class=\"woodmart-title-container title wd-fontsize-l wd-underline-colored\">PR\u00c1VNE SLU\u017dBY<\/h1> \n\t\t\t\t\t\t\t<\/div>\n\n\t\t\t\t\t<\/div>\n\t\t\t\t\t\t<\/div>\n\t\t\t\t<\/div>\n\t\t\t\t<\/div>\n\t\t<div class=\"elementor-element elementor-element-848ec0c e-con-full e-flex e-con e-child\" data-id=\"848ec0c\" data-element_type=\"container\">\n\t\t\t\t\t<link rel=\"stylesheet\" id=\"wd-mod-animations-keyframes-css\" href=\"https:\/\/companion.sk\/wp-content\/themes\/woodmart\/css\/parts\/mod-animations-keyframes.min.css?ver=7.6.0\" type=\"text\/css\" media=\"all\" \/> \t\t\t\t\t<div class=\"elementor-element elementor-element-8a4f23d color-scheme-inherit text-left elementor-invisible elementor-widget elementor-widget-text-editor\" data-id=\"8a4f23d\" data-element_type=\"widget\" data-settings=\"{&quot;_animation&quot;:&quot;fadeInUp&quot;}\" data-widget_type=\"text-editor.default\">\n\t\t\t\t<div class=\"elementor-widget-container\">\n\t\t\t\t\t\t\t\t\t<p>Advok\u00e1tska kancel\u00e1ria Dattorney Legal poskytuje svojim klientom poradensk\u00e9 a pr\u00e1vne slu\u017eby na vysokej \u00farovni. Klienti sa na n\u00e1s m\u00f4\u017eu obr\u00e1ti\u0165 s r\u00f4znymi po\u017eiadavkami, ktor\u00e9 sa t\u00fdkaj\u00fa obchodn\u00e9ho, pracovn\u00e9ho a zmluvn\u00e9ho pr\u00e1va. \u0160pecializujeme sa aj na pr\u00e1vo nehnute\u013enost\u00ed a sporov\u00fa agendu.<\/p>\t\t\t\t\t\t\t\t<\/div>\n\t\t\t\t<\/div>\n\t\t\t\t<\/div>\n\t\t\t\t\t<\/div>\n\t\t\t\t<\/div>\n\t\t<div class=\"wd-negative-gap elementor-element elementor-element-4a9930d e-flex e-con-boxed e-con e-parent\" data-id=\"4a9930d\" data-element_type=\"container\">\n\t\t\t\t\t<div class=\"e-con-inner\">\n\t\t<div class=\"elementor-element elementor-element-00f0931 e-con-full e-flex e-con e-child\" data-id=\"00f0931\" data-element_type=\"container\">\n\t\t\t\t<div class=\"elementor-element elementor-element-d6f664b e-transform elementor-position-top elementor-invisible elementor-widget elementor-widget-image-box\" data-id=\"d6f664b\" data-element_type=\"widget\" data-settings=\"{&quot;_animation&quot;:&quot;wd-anim-left-flip-y&quot;,&quot;_transform_scale_effect_hover&quot;:{&quot;unit&quot;:&quot;px&quot;,&quot;size&quot;:1.020000000000000017763568394002504646778106689453125,&quot;sizes&quot;:[]},&quot;_transform_scale_effect_hover_tablet&quot;:{&quot;unit&quot;:&quot;px&quot;,&quot;size&quot;:&quot;&quot;,&quot;sizes&quot;:[]},&quot;_transform_scale_effect_hover_mobile&quot;:{&quot;unit&quot;:&quot;px&quot;,&quot;size&quot;:&quot;&quot;,&quot;sizes&quot;:[]}}\" data-widget_type=\"image-box.default\">\n\t\t\t\t<div class=\"elementor-widget-container\">\n\t\t\t\t\t<div class=\"elementor-image-box-wrapper\"><figure class=\"elementor-image-box-img\"><img decoding=\"async\" width=\"124\" height=\"125\" src=\"https:\/\/companion.sk\/wp-content\/uploads\/2024\/10\/nove-ciselne-ikonky.svg\" class=\"attachment-full size-full wp-image-15925\" alt=\"\" \/><\/figure><div class=\"elementor-image-box-content\"><h3 class=\"elementor-image-box-title\">OBCHODN\u00c9 PR\u00c1VO<\/h3><p class=\"elementor-image-box-description\">Svoje profesion\u00e1lne slu\u017eby v oblasti obchodn\u00e9ho pr\u00e1va poskytujeme na\u0161im klientom u\u017e od roku 2009. Zameriavame sa na rie\u0161enie pr\u00e1vnych ot\u00e1zok ve\u013ek\u00fdch obchodn\u00fdch spolo\u010dnost\u00ed, ale aj drobn\u00fdch \u017eivnostn\u00edkov. Z pr\u00e1vneho h\u013eadiska v\u00e1s sprev\u00e1dzame podnikan\u00edm u\u017e od jeho samotn\u00e9ho zalo\u017eenia a zabezpe\u010dujeme jeho bezprobl\u00e9mov\u00fd priebeh. Ke\u010f to inak nejde, sme tu pre v\u00e1s aj v pr\u00edpade bezprobl\u00e9mov\u00e9ho zru\u0161enia a z\u00e1niku\u00a0spolo\u010dnosti.<\/p><\/div><\/div>\t\t\t\t<\/div>\n\t\t\t\t<\/div>\n\t\t\t\t<\/div>\n\t\t<div class=\"elementor-element elementor-element-a1db0bd e-con-full e-flex e-con e-child\" data-id=\"a1db0bd\" data-element_type=\"container\">\n\t\t\t\t<div class=\"elementor-element elementor-element-891c97d e-transform elementor-position-top elementor-invisible elementor-widget elementor-widget-image-box\" data-id=\"891c97d\" data-element_type=\"widget\" data-settings=\"{&quot;_animation&quot;:&quot;wd-anim-left-flip-y&quot;,&quot;_transform_scale_effect_hover&quot;:{&quot;unit&quot;:&quot;px&quot;,&quot;size&quot;:1.020000000000000017763568394002504646778106689453125,&quot;sizes&quot;:[]},&quot;_transform_scale_effect_hover_tablet&quot;:{&quot;unit&quot;:&quot;px&quot;,&quot;size&quot;:&quot;&quot;,&quot;sizes&quot;:[]},&quot;_transform_scale_effect_hover_mobile&quot;:{&quot;unit&quot;:&quot;px&quot;,&quot;size&quot;:&quot;&quot;,&quot;sizes&quot;:[]}}\" data-widget_type=\"image-box.default\">\n\t\t\t\t<div class=\"elementor-widget-container\">\n\t\t\t\t\t<div class=\"elementor-image-box-wrapper\"><figure class=\"elementor-image-box-img\"><img decoding=\"async\" width=\"126\" height=\"126\" src=\"https:\/\/companion.sk\/wp-content\/uploads\/2024\/10\/nove-ciselne-ikonky-2.svg\" class=\"attachment-full size-full wp-image-15926\" alt=\"\" \/><\/figure><div class=\"elementor-image-box-content\"><h3 class=\"elementor-image-box-title\">PRACOVN\u00c9 PR\u00c1VO<\/h3><p class=\"elementor-image-box-description\">Pri v\u00fdkone na\u0161ej \u010dinnosti pravidelne pracujeme i so Z\u00e1konn\u00edkom pr\u00e1ce. Venujeme sa pr\u00edprave pracovn\u00fdch zml\u00fav a rie\u0161eniu r\u00f4znych pracovnopr\u00e1vnych konfliktov. Stoj\u00edme pri v\u00e1s \u010di u\u017e ste zamestn\u00e1vate\u013eom alebo zamestnancom a pom\u00e1hame v\u00e1m i v pr\u00edpade, ke\u010f potrebujete ur\u010di\u0165 zodpovednos\u0165 za \u0161kodu a rozsah jej n\u00e1hrady. V ka\u017edej situ\u00e1cii sa usilujeme o navrhnutie optim\u00e1lneho rie\u0161enia v s\u00falade\u00a0so\u00a0z\u00e1konom.<\/p><\/div><\/div>\t\t\t\t<\/div>\n\t\t\t\t<\/div>\n\t\t\t\t<\/div>\n\t\t\t\t\t<\/div>\n\t\t\t\t<\/div>\n\t\t<div class=\"wd-negative-gap elementor-element elementor-element-02797d1 e-flex e-con-boxed e-con e-parent\" data-id=\"02797d1\" data-element_type=\"container\">\n\t\t\t\t\t<div class=\"e-con-inner\">\n\t\t<div class=\"elementor-element elementor-element-8d46676 e-con-full e-flex e-con e-child\" data-id=\"8d46676\" data-element_type=\"container\">\n\t\t\t\t<div class=\"elementor-element elementor-element-a670785 e-transform elementor-position-top elementor-invisible elementor-widget elementor-widget-image-box\" data-id=\"a670785\" data-element_type=\"widget\" data-settings=\"{&quot;_animation&quot;:&quot;wd-anim-left-flip-y&quot;,&quot;_transform_scale_effect_hover&quot;:{&quot;unit&quot;:&quot;px&quot;,&quot;size&quot;:1.020000000000000017763568394002504646778106689453125,&quot;sizes&quot;:[]},&quot;_transform_scale_effect_hover_tablet&quot;:{&quot;unit&quot;:&quot;px&quot;,&quot;size&quot;:&quot;&quot;,&quot;sizes&quot;:[]},&quot;_transform_scale_effect_hover_mobile&quot;:{&quot;unit&quot;:&quot;px&quot;,&quot;size&quot;:&quot;&quot;,&quot;sizes&quot;:[]}}\" data-widget_type=\"image-box.default\">\n\t\t\t\t<div class=\"elementor-widget-container\">\n\t\t\t\t\t<div class=\"elementor-image-box-wrapper\"><figure class=\"elementor-image-box-img\"><img decoding=\"async\" width=\"126\" height=\"126\" src=\"https:\/\/companion.sk\/wp-content\/uploads\/2024\/10\/nove-ciselne-ikonky-3.svg\" class=\"attachment-full size-full wp-image-15922\" alt=\"\" \/><\/figure><div class=\"elementor-image-box-content\"><h3 class=\"elementor-image-box-title\">ZMLUVN\u00c1 AGENDA<\/h3><p class=\"elementor-image-box-description\">Z\u00e1v\u00e4zkov\u00e9 pr\u00e1vo sa t\u00fdka v\u0161etk\u00fdch fyzick\u00fdch i pr\u00e1vnick\u00fdch os\u00f4b. Nejeden z n\u00e1s sa stret\u00e1va so zmluvami r\u00f4zneho typu vo v\u00fdznamn\u00fdch, ale i be\u017en\u00fdch \u017eivotn\u00fdch situ\u00e1ci\u00e1ch. D\u00f4le\u017eitos\u0165 detailn\u00e9ho spracovania zmluvy je preto nevyhnutn\u00e1. Spr\u00e1vne zostaven\u00e1 zmluva mus\u00ed zah\u0155\u0148a\u0165 v\u0161etky pr\u00e1vne n\u00e1le\u017eitosti a zjednan\u00e9 podmienky \u00fa\u010dastn\u00edkov.<br><br>\n\nV advok\u00e1tskej kancel\u00e1rii Dattorney Legal sa zameriavame na d\u00f4sledn\u00fa pr\u00edpravu i pripomienkovanie n\u00e1vrhov zml\u00fav, pr\u00edpadne zml\u00fav u\u017e uzatvoren\u00fdch. H\u00e1jime z\u00e1ujmy na\u0161ich klientov a sme pre nich pripraven\u00ed vyjedn\u00e1va\u0165 v\u00fdhodnej\u0161ie zmluvn\u00e9\u00a0podmienky.<\/p><\/div><\/div>\t\t\t\t<\/div>\n\t\t\t\t<\/div>\n\t\t\t\t<\/div>\n\t\t<div class=\"elementor-element elementor-element-d73ef5f e-con-full e-flex e-con e-child\" data-id=\"d73ef5f\" data-element_type=\"container\">\n\t\t\t\t<div class=\"elementor-element elementor-element-c2dc3f6 e-transform elementor-position-top elementor-invisible elementor-widget elementor-widget-image-box\" data-id=\"c2dc3f6\" data-element_type=\"widget\" data-settings=\"{&quot;_animation&quot;:&quot;wd-anim-left-flip-y&quot;,&quot;_transform_scale_effect_hover&quot;:{&quot;unit&quot;:&quot;px&quot;,&quot;size&quot;:1.020000000000000017763568394002504646778106689453125,&quot;sizes&quot;:[]},&quot;_transform_scale_effect_hover_tablet&quot;:{&quot;unit&quot;:&quot;px&quot;,&quot;size&quot;:&quot;&quot;,&quot;sizes&quot;:[]},&quot;_transform_scale_effect_hover_mobile&quot;:{&quot;unit&quot;:&quot;px&quot;,&quot;size&quot;:&quot;&quot;,&quot;sizes&quot;:[]}}\" data-widget_type=\"image-box.default\">\n\t\t\t\t<div class=\"elementor-widget-container\">\n\t\t\t\t\t<div class=\"elementor-image-box-wrapper\"><figure class=\"elementor-image-box-img\"><img loading=\"lazy\" decoding=\"async\" width=\"126\" height=\"126\" src=\"https:\/\/companion.sk\/wp-content\/uploads\/2024\/10\/nove-ciselne-ikonky-4.svg\" class=\"attachment-full size-full wp-image-15923\" alt=\"\" \/><\/figure><div class=\"elementor-image-box-content\"><h3 class=\"elementor-image-box-title\">PR\u00c1VO NEHNUTE\u013dNOST\u00cd<\/h3><p class=\"elementor-image-box-description\">Pr\u00e1vo nehnute\u013enost\u00ed zastre\u0161uje mno\u017estvo komplexn\u00fdch procesov, v ktor\u00fdch sa d\u00e1 ve\u013emi r\u00fdchlo zamota\u0165. M\u00f4\u017eete sa stretn\u00fa\u0165 napr\u00edklad s k\u00fapou, predajom \u010di pren\u00e1jmom va\u0161ej nehnute\u013enosti alebo dokonca s urovn\u00e1van\u00edm r\u00f4znych majetkov\u00fdch sporov. V\u0161etky tieto zlo\u017eit\u00e9 procesy s\u00fa navy\u0161e \u010dastokr\u00e1t spojen\u00e9 so sofistikovan\u00fdmi mechanizmami financovania a je priam \u017eiad\u00face necha\u0165 si poradi\u0165 od sk\u00fasen\u00fdch odborn\u00edkov. Advok\u00e1tska kancel\u00e1ria Dattorney Legal disponuje dlhoro\u010dn\u00fdmi sk\u00fasenos\u0165ami v oblasti pr\u00e1va nehnute\u013enost\u00ed a je pripraven\u00e1 poskytn\u00fa\u0165 v\u00e1m adekv\u00e1tne pr\u00e1vne poradenstvo. Nebr\u00e1nime sa d\u00f4slednej pr\u00edprave ani kontrole zmluvnej dokument\u00e1cie a radi v\u00e1m vysvetl\u00edme v\u0161etko, v \u010dom sa potrebujete\u00a0uisti\u0165.<\/p><\/div><\/div>\t\t\t\t<\/div>\n\t\t\t\t<\/div>\n\t\t\t\t<\/div>\n\t\t\t\t\t<\/div>\n\t\t\t\t<\/div>\n\t\t<div class=\"wd-negative-gap elementor-element elementor-element-020bf1c e-flex e-con-boxed e-con e-parent\" data-id=\"020bf1c\" data-element_type=\"container\">\n\t\t\t\t\t<div class=\"e-con-inner\">\n\t\t\t\t<div class=\"elementor-element elementor-element-c94d7d9 e-transform elementor-position-top elementor-invisible elementor-widget elementor-widget-image-box\" data-id=\"c94d7d9\" data-element_type=\"widget\" data-settings=\"{&quot;_animation&quot;:&quot;wd-anim-left-flip-y&quot;,&quot;_transform_scale_effect_hover&quot;:{&quot;unit&quot;:&quot;px&quot;,&quot;size&quot;:1.020000000000000017763568394002504646778106689453125,&quot;sizes&quot;:[]},&quot;_transform_scale_effect_hover_tablet&quot;:{&quot;unit&quot;:&quot;px&quot;,&quot;size&quot;:&quot;&quot;,&quot;sizes&quot;:[]},&quot;_transform_scale_effect_hover_mobile&quot;:{&quot;unit&quot;:&quot;px&quot;,&quot;size&quot;:&quot;&quot;,&quot;sizes&quot;:[]}}\" data-widget_type=\"image-box.default\">\n\t\t\t\t<div class=\"elementor-widget-container\">\n\t\t\t\t\t<div class=\"elementor-image-box-wrapper\"><figure class=\"elementor-image-box-img\"><img loading=\"lazy\" decoding=\"async\" width=\"126\" height=\"126\" src=\"https:\/\/companion.sk\/wp-content\/uploads\/2024\/10\/nove-ciselne-ikonky-5.svg\" class=\"attachment-full size-full wp-image-15924\" alt=\"\" \/><\/figure><div class=\"elementor-image-box-content\"><h3 class=\"elementor-image-box-title\">SPOROV\u00c1 AGENDA<\/h3><p class=\"elementor-image-box-description\">Vieme, \u017ee \u017eivot so sebou prin\u00e1\u0161a aj nepr\u00edjemn\u00e9 situ\u00e1cie, ktor\u00e9 nejde vyrie\u0161i\u0165 inak ne\u017e s\u00fadnou cestou. Na\u0161ich klientov sme preto pripraven\u00ed zastupova\u0165 v s\u00fadnych konaniach r\u00f4zneho typu. Na s\u00fad sa obraciame i v pr\u00edpade vym\u00e1hania va\u0161ich poh\u013ead\u00e1vok. Jednotliv\u00e9 spory rie\u0161ime razantne a r\u00fdchlo s akcentom na hospod\u00e1rnos\u0165 konania. Prich\u00e1dzame za vami s realistick\u00fdmi rie\u0161eniami, ktor\u00e9 odzrkad\u013euj\u00fa re\u00e1lne mo\u017enosti n\u00e1\u0161ho pr\u00e1vneho\u00a0syst\u00e9mu.<\/p><\/div><\/div>\t\t\t\t<\/div>\n\t\t\t\t<\/div>\n\t\t\t\t\t<\/div>\n\t\t\t\t<\/div>\n\t\t<div class=\"wd-negative-gap elementor-element elementor-element-23424c2 wd-section-stretch e-flex e-con-boxed e-con e-parent\" data-id=\"23424c2\" data-element_type=\"container\" data-settings=\"{&quot;background_background&quot;:&quot;classic&quot;}\">\n\t\t\t\t\t<div class=\"e-con-inner\">\n\t\t<div class=\"elementor-element elementor-element-abb4eb6 e-con-full e-flex e-con e-child\" data-id=\"abb4eb6\" data-element_type=\"container\">\n\t\t\t\t<div class=\"elementor-element elementor-element-5f74b7a wd-animation-slide-from-bottom elementor-hidden-mobile wd-width-100 wd-animation-normal elementor-widget elementor-widget-wd_title\" data-id=\"5f74b7a\" data-element_type=\"widget\" data-widget_type=\"wd_title.default\">\n\t\t\t\t<div class=\"elementor-widget-container\">\n\t\t\t\t\t\t\t<div class=\"title-wrapper set-mb-s reset-last-child wd-title-color-default wd-title-style-default wd-title-size-default text-left\">\n\n\t\t\t\n\t\t\t<div class=\"liner-continer\">\n\t\t\t\t<h1 class=\"woodmart-title-container title wd-fontsize-l wd-underline-colored\">M\u00e1te z\u00e1ujem o na\u0161e slu\u017eby?<\/h1> \n\t\t\t\t\t\t\t<\/div>\n\n\t\t\t\t\t<\/div>\n\t\t\t\t\t\t<\/div>\n\t\t\t\t<\/div>\n\t\t\t\t<div class=\"elementor-element elementor-element-29d6dfb wd-animation-slide-from-bottom elementor-hidden-desktop elementor-hidden-tablet wd-width-100 wd-animation-normal elementor-widget elementor-widget-wd_title\" data-id=\"29d6dfb\" data-element_type=\"widget\" data-widget_type=\"wd_title.default\">\n\t\t\t\t<div class=\"elementor-widget-container\">\n\t\t\t\t\t\t\t<div class=\"title-wrapper set-mb-s reset-last-child wd-title-color-default wd-title-style-default wd-title-size-default text-center\">\n\n\t\t\t\n\t\t\t<div class=\"liner-continer\">\n\t\t\t\t<h1 class=\"woodmart-title-container title wd-fontsize-l wd-underline-colored\">M\u00e1te z\u00e1ujem o na\u0161e slu\u017eby?<\/h1> \n\t\t\t\t\t\t\t<\/div>\n\n\t\t\t\t\t<\/div>\n\t\t\t\t\t\t<\/div>\n\t\t\t\t<\/div>\n\t\t\t\t<\/div>\n\t\t<div class=\"elementor-element elementor-element-3aa1369 e-con-full e-flex e-con e-child\" data-id=\"3aa1369\" data-element_type=\"container\">\n\t\t\t\t<div class=\"elementor-element elementor-element-b4dd3f4 elementor-widget__width-auto wd-animation-slide-from-bottom wd-animation-normal elementor-widget elementor-widget-wd_button\" data-id=\"b4dd3f4\" data-element_type=\"widget\" data-widget_type=\"wd_button.default\">\n\t\t\t\t<div class=\"elementor-widget-container\">\n\t\t\t\t\t\t\t<div class=\"wd-button-wrapper text-center\" >\n\t\t\t<a class=\"btn btn-style-bordered btn-style-semi-round btn-size-default btn-scheme-custom btn-scheme-hover-custom btn-icon-pos-right\"  href=\"https:\/\/companion.sk\/en\/kontakt\/\">\n\t\t\t\t<span class=\"wd-btn-text\" data-elementor-setting-key=\"text\">\n\t\t\t\t\tKontaktujte n\u00e1s\t\t\t\t<\/span>\n\n\t\t\t\t\t\t\t<\/a>\n\t\t<\/div>\n\t\t\t\t\t\t<\/div>\n\t\t\t\t<\/div>\n\t\t\t\t<\/div>\n\t\t\t\t\t<\/div>\n\t\t\t\t<\/div>\n\t\t\t\t<\/div>","protected":false},"excerpt":{"rendered":"<p>PR\u00c1VNE SLU\u017dBY PR\u00c1VNE SLU\u017dBY Advok\u00e1tska kancel\u00e1ria Dattorney Legal poskytuje svojim klientom poradensk\u00e9 a pr\u00e1vne slu\u017eby na vysokej \u00farovni. Klienti sa<\/p>","protected":false},"author":1,"featured_media":0,"parent":0,"menu_order":0,"comment_status":"open","ping_status":"open","template":"","meta":{"rank_math_lock_modified_date":false,"footnotes":""},"class_list":["post-1080","page","type-page","status-publish","hentry"],"_links":{"self":[{"href":"https:\/\/companion.sk\/en\/wp-json\/wp\/v2\/pages\/1080","targetHints":{"allow":["GET"]}}],"collection":[{"href":"https:\/\/companion.sk\/en\/wp-json\/wp\/v2\/pages"}],"about":[{"href":"https:\/\/companion.sk\/en\/wp-json\/wp\/v2\/types\/page"}],"author":[{"embeddable":true,"href":"https:\/\/companion.sk\/en\/wp-json\/wp\/v2\/users\/1"}],"replies":[{"embeddable":true,"href":"https:\/\/companion.sk\/en\/wp-json\/wp\/v2\/comments?post=1080"}],"version-history":[{"count":6,"href":"https:\/\/companion.sk\/en\/wp-json\/wp\/v2\/pages\/1080\/revisions"}],"predecessor-version":[{"id":15967,"href":"https:\/\/companion.sk\/en\/wp-json\/wp\/v2\/pages\/1080\/revisions\/15967"}],"wp:attachment":[{"href":"https:\/\/companion.sk\/en\/wp-json\/wp\/v2\/media?parent=1080"}],"curies":[{"name":"wp","href":"https:\/\/api.w.org\/{rel}","templated":true}]}}